{"id":261,"date":"2020-05-12T17:02:21","date_gmt":"2020-05-12T15:02:21","guid":{"rendered":"https:\/\/stickers.fr\/autocollant\/?page_id=261"},"modified":"2020-11-09T19:10:45","modified_gmt":"2020-11-09T18:10:45","slug":"vinyle-blanc","status":"publish","type":"page","link":"https:\/\/stickers.fr\/autocollant\/index.php\/vinyle-blanc\/","title":{"rendered":"Autocollants standards Vinyle blanc"},"content":{"rendered":"\t\t<div data-elementor-type=\"wp-page\" data-elementor-id=\"261\" class=\"elementor elementor-261\">\n\t\t\t\t\t\t<section class=\"elementor-section elementor-top-section elementor-element elementor-element-2488db1 elementor-section-boxed elementor-section-height-default elementor-section-height-default\" data-id=\"2488db1\" data-element_type=\"section\" data-e-type=\"section\">\n\t\t\t\t\t\t<div class=\"elementor-container elementor-column-gap-default\">\n\t\t\t\t\t<div class=\"elementor-column elementor-col-100 elementor-top-column elementor-element elementor-element-bd79688\" data-id=\"bd79688\" data-element_type=\"column\" data-e-type=\"column\">\n\t\t\t<div class=\"elementor-widget-wrap elementor-element-populated\">\n\t\t\t\t\t\t<div class=\"elementor-element elementor-element-4f9b2c1 elementor-position-left elementor-vertical-align-top elementor-widget elementor-widget-image-box\" data-id=\"4f9b2c1\" data-element_type=\"widget\" data-e-type=\"widget\" data-widget_type=\"image-box.default\">\n\t\t\t\t<div class=\"elementor-widget-container\">\n\t\t\t\t\t<div class=\"elementor-image-box-wrapper\"><figure class=\"elementor-image-box-img\"><img decoding=\"async\" width=\"236\" height=\"147\" src=\"https:\/\/i0.wp.com\/stickers.fr\/autocollant\/wp-content\/uploads\/2020\/08\/sticker-vinyle-blanc-1.png?fit=236%2C147&ssl=1\" class=\"attachment-full size-full wp-image-596\" alt=\"stickers colle renforce autocollant\" srcset=\"https:\/\/i0.wp.com\/stickers.fr\/autocollant\/wp-content\/uploads\/2020\/08\/sticker-vinyle-blanc-1.png?w=236&ssl=1 236w, https:\/\/i0.wp.com\/stickers.fr\/autocollant\/wp-content\/uploads\/2020\/08\/sticker-vinyle-blanc-1.png?resize=200%2C125&ssl=1 200w\" sizes=\"(max-width: 236px) 100vw, 236px\" \/><\/figure><div class=\"elementor-image-box-content\"><p class=\"elementor-image-box-description\">C'est le mat\u00e9riaux de base du sticker standard. Toutes les couleurs y compris le noir sont imprim\u00e9es sur le blanc.\nIl a une \u00e9paisseur de 100microns pour une pose ais\u00e9e, il a une tr\u00e8s bonne tenue aux UV et aux intemp\u00e9ries.<\/p><\/div><\/div>\t\t\t\t<\/div>\n\t\t\t\t<\/div>\n\t\t\t\t<div class=\"elementor-element elementor-element-be4db9a elementor-widget elementor-widget-text-editor\" data-id=\"be4db9a\" data-element_type=\"widget\" data-e-type=\"widget\" data-widget_type=\"text-editor.default\">\n\t\t\t\t<div class=\"elementor-widget-container\">\n\t\t\t\t\t\t\t\t\t<p>Par contre il ne r\u00e9siste pas aux frottements et \u00e0 l\u2019abrasion, s\u2019il doit \u00eatre soumis \u00e0 ce genre de contraintes, <strong>il faut le plastifier<\/strong> .<br \/>Il existe en brillant et en mat. La finition standard \u00e9tant le brillant. Le tarif est le m\u00eame.<br \/><strong>La colle standard est la colle permanente<\/strong>, elle peut \u00eatre non permanente pour les utilisations de courte dur\u00e9e se d\u00e9collant facilement, elle peut aussi \u00eatre <strong>renforc\u00e9e<\/strong> pour coller sur les mati\u00e8res plastiques (garde boue de motos, coques de quad ou de karting).\u200b<\/p>\t\t\t\t\t\t\t\t<\/div>\n\t\t\t\t<\/div>\n\t\t\t\t\t<\/div>\n\t\t<\/div>\n\t\t\t\t\t<\/div>\n\t\t<\/section>\n\t\t\t\t<section class=\"elementor-section elementor-top-section elementor-element elementor-element-34edbe1 elementor-section-boxed elementor-section-height-default elementor-section-height-default\" data-id=\"34edbe1\" data-element_type=\"section\" data-e-type=\"section\">\n\t\t\t\t\t\t<div class=\"elementor-container elementor-column-gap-default\">\n\t\t\t\t\t<div class=\"elementor-column elementor-col-50 elementor-top-column elementor-element elementor-element-2204616\" data-id=\"2204616\" data-element_type=\"column\" data-e-type=\"column\">\n\t\t\t<div class=\"elementor-widget-wrap elementor-element-populated\">\n\t\t\t\t\t\t<div class=\"elementor-element elementor-element-27a6066 elementor-widget elementor-widget-text-editor\" data-id=\"27a6066\" data-element_type=\"widget\" data-e-type=\"widget\" data-widget_type=\"text-editor.default\">\n\t\t\t\t<div class=\"elementor-widget-container\">\n\t\t\t\t\t\t\t\t\t\nRecouvert d\u2019un d\u00f4me en r\u00e9sine transparente, il devient \u00ab\u00a0doming \u00a0\u00bb et prend une valeur esth\u00e9tique ind\u00e9niable.\t\t\t\t\t\t\t\t<\/div>\n\t\t\t\t<\/div>\n\t\t\t\t\t<\/div>\n\t\t<\/div>\n\t\t\t\t<div class=\"elementor-column elementor-col-50 elementor-top-column elementor-element elementor-element-628074c\" data-id=\"628074c\" data-element_type=\"column\" data-e-type=\"column\">\n\t\t\t<div class=\"elementor-widget-wrap elementor-element-populated\">\n\t\t\t\t\t\t<div class=\"elementor-element elementor-element-4e91941 elementor-widget elementor-widget-image\" data-id=\"4e91941\" data-element_type=\"widget\" data-e-type=\"widget\" data-widget_type=\"image.default\">\n\t\t\t\t<div class=\"elementor-widget-container\">\n\t\t\t\t\t\t\t\t\t\t\t\t\t\t\t<img decoding=\"async\" width=\"200\" height=\"103\" src=\"https:\/\/i0.wp.com\/stickers.fr\/autocollant\/wp-content\/uploads\/2020\/08\/doming-print-express-1.png?fit=200%2C103&ssl=1\" class=\"attachment-large size-large wp-image-475\" alt=\"doming autocollant stickers\" \/>\t\t\t\t\t\t\t\t\t\t\t\t\t\t\t<\/div>\n\t\t\t\t<\/div>\n\t\t\t\t\t<\/div>\n\t\t<\/div>\n\t\t\t\t\t<\/div>\n\t\t<\/section>\n\t\t\t\t<section class=\"elementor-section elementor-top-section elementor-element elementor-element-ebd06bd elementor-section-boxed elementor-section-height-default elementor-section-height-default\" data-id=\"ebd06bd\" data-element_type=\"section\" data-e-type=\"section\">\n\t\t\t\t\t\t<div class=\"elementor-container elementor-column-gap-default\">\n\t\t\t\t\t<div class=\"elementor-column elementor-col-100 elementor-top-column elementor-element elementor-element-6002672\" data-id=\"6002672\" data-element_type=\"column\" data-e-type=\"column\">\n\t\t\t<div class=\"elementor-widget-wrap elementor-element-populated\">\n\t\t\t\t\t\t<section class=\"elementor-section elementor-inner-section elementor-element elementor-element-8764dd6 elementor-section-boxed elementor-section-height-default elementor-section-height-default\" data-id=\"8764dd6\" data-element_type=\"section\" data-e-type=\"section\">\n\t\t\t\t\t\t<div class=\"elementor-container elementor-column-gap-default\">\n\t\t\t\t\t<div class=\"elementor-column elementor-col-50 elementor-inner-column elementor-element elementor-element-847f012\" data-id=\"847f012\" data-element_type=\"column\" data-e-type=\"column\">\n\t\t\t<div class=\"elementor-widget-wrap elementor-element-populated\">\n\t\t\t\t\t\t<div class=\"elementor-element elementor-element-cb6eadb elementor-widget elementor-widget-image\" data-id=\"cb6eadb\" data-element_type=\"widget\" data-e-type=\"widget\" data-widget_type=\"image.default\">\n\t\t\t\t<div class=\"elementor-widget-container\">\n\t\t\t\t\t\t\t\t\t\t\t\t\t\t\t<img fetchpriority=\"high\" decoding=\"async\" width=\"450\" height=\"250\" src=\"https:\/\/i0.wp.com\/stickers.fr\/autocollant\/wp-content\/uploads\/2020\/08\/sticker-sol-2-1.jpg?fit=450%2C250&ssl=1\" class=\"attachment-large size-large wp-image-526\" alt=\"stickers sol autocollant\" srcset=\"https:\/\/i0.wp.com\/stickers.fr\/autocollant\/wp-content\/uploads\/2020\/08\/sticker-sol-2-1.jpg?w=450&ssl=1 450w, https:\/\/i0.wp.com\/stickers.fr\/autocollant\/wp-content\/uploads\/2020\/08\/sticker-sol-2-1.jpg?resize=300%2C167&ssl=1 300w, https:\/\/i0.wp.com\/stickers.fr\/autocollant\/wp-content\/uploads\/2020\/08\/sticker-sol-2-1.jpg?resize=200%2C111&ssl=1 200w\" sizes=\"(max-width: 450px) 100vw, 450px\" \/>\t\t\t\t\t\t\t\t\t\t\t\t\t\t\t<\/div>\n\t\t\t\t<\/div>\n\t\t\t\t\t<\/div>\n\t\t<\/div>\n\t\t\t\t<div class=\"elementor-column elementor-col-50 elementor-inner-column elementor-element elementor-element-967fe20\" data-id=\"967fe20\" data-element_type=\"column\" data-e-type=\"column\">\n\t\t\t<div class=\"elementor-widget-wrap elementor-element-populated\">\n\t\t\t\t\t\t<div class=\"elementor-element elementor-element-ecd0674 elementor-widget elementor-widget-text-editor\" data-id=\"ecd0674\" data-element_type=\"widget\" data-e-type=\"widget\" data-widget_type=\"text-editor.default\">\n\t\t\t\t<div class=\"elementor-widget-container\">\n\t\t\t\t\t\t\t\t\tRecouvert d\u2019une plastification sp\u00e9ciale anti-d\u00e9rapante, il peut \u00eatre coll\u00e9 sur le\u00a0sol\u00a0et devient un outil de communication sortant de l\u2019ordinaire.\t\t\t\t\t\t\t\t<\/div>\n\t\t\t\t<\/div>\n\t\t\t\t\t<\/div>\n\t\t<\/div>\n\t\t\t\t\t<\/div>\n\t\t<\/section>\n\t\t\t\t<section class=\"elementor-section elementor-inner-section elementor-element elementor-element-e1914a2 elementor-section-boxed elementor-section-height-default elementor-section-height-default\" data-id=\"e1914a2\" data-element_type=\"section\" data-e-type=\"section\">\n\t\t\t\t\t\t<div class=\"elementor-container elementor-column-gap-default\">\n\t\t\t\t\t<div class=\"elementor-column elementor-col-50 elementor-inner-column elementor-element elementor-element-27ca339\" data-id=\"27ca339\" data-element_type=\"column\" data-e-type=\"column\">\n\t\t\t<div class=\"elementor-widget-wrap elementor-element-populated\">\n\t\t\t\t\t\t<div class=\"elementor-element elementor-element-4025886 elementor-widget__width-inherit elementor-widget elementor-widget-text-editor\" data-id=\"4025886\" data-element_type=\"widget\" data-e-type=\"widget\" data-widget_type=\"text-editor.default\">\n\t\t\t\t<div class=\"elementor-widget-container\">\n\t\t\t\t\t\t\t\t\tImprim\u00e9 sur le c\u00f4t\u00e9 adh\u00e9sif, il devient vitrophanie et se colle \u00e0 l\u2019int\u00e9rieur de la vitre \u00e0 l\u2019abri de toute d\u00e9gradation.\t\t\t\t\t\t\t\t<\/div>\n\t\t\t\t<\/div>\n\t\t\t\t\t<\/div>\n\t\t<\/div>\n\t\t\t\t<div class=\"elementor-column elementor-col-50 elementor-inner-column elementor-element elementor-element-53f5d52\" data-id=\"53f5d52\" data-element_type=\"column\" data-e-type=\"column\">\n\t\t\t<div class=\"elementor-widget-wrap elementor-element-populated\">\n\t\t\t\t\t\t<div class=\"elementor-element elementor-element-13d3500 elementor-widget elementor-widget-image\" data-id=\"13d3500\" data-element_type=\"widget\" data-e-type=\"widget\" data-widget_type=\"image.default\">\n\t\t\t\t<div class=\"elementor-widget-container\">\n\t\t\t\t\t\t\t\t\t\t\t\t\t\t\t<img loading=\"lazy\" decoding=\"async\" width=\"250\" height=\"281\" src=\"https:\/\/i0.wp.com\/stickers.fr\/autocollant\/wp-content\/uploads\/2020\/08\/sticker_vitrophanie-1.png?fit=250%2C281&ssl=1\" class=\"attachment-large size-large wp-image-549\" alt=\"stickers transparent autocollant\" srcset=\"https:\/\/i0.wp.com\/stickers.fr\/autocollant\/wp-content\/uploads\/2020\/08\/sticker_vitrophanie-1.png?w=250&ssl=1 250w, https:\/\/i0.wp.com\/stickers.fr\/autocollant\/wp-content\/uploads\/2020\/08\/sticker_vitrophanie-1.png?resize=200%2C225&ssl=1 200w\" sizes=\"(max-width: 250px) 100vw, 250px\" \/>\t\t\t\t\t\t\t\t\t\t\t\t\t\t\t<\/div>\n\t\t\t\t<\/div>\n\t\t\t\t\t<\/div>\n\t\t<\/div>\n\t\t\t\t\t<\/div>\n\t\t<\/section>\n\t\t\t\t<div class=\"elementor-element elementor-element-d108e6b elementor-widget elementor-widget-text-editor\" data-id=\"d108e6b\" data-element_type=\"widget\" data-e-type=\"widget\" data-widget_type=\"text-editor.default\">\n\t\t\t\t<div class=\"elementor-widget-container\">\n\t\t\t\t\t\t\t\t\t<p>Professionnels, vous pouvez demander des \u00e9chantillons.<\/p>\t\t\t\t\t\t\t\t<\/div>\n\t\t\t\t<\/div>\n\t\t\t\t<div class=\"elementor-element elementor-element-c65ad4e elementor-align-center elementor-widget elementor-widget-button\" data-id=\"c65ad4e\" data-element_type=\"widget\" data-e-type=\"widget\" data-widget_type=\"button.default\">\n\t\t\t\t<div class=\"elementor-widget-container\">\n\t\t\t\t\t\t\t\t\t<div class=\"elementor-button-wrapper\">\n\t\t\t\t\t<a class=\"elementor-button elementor-button-link elementor-size-sm elementor-animation-shrink\" href=\"https:\/\/stickers.fr\/autocollant\/index.php\/demande-dechantillons\/\">\n\t\t\t\t\t\t<span class=\"elementor-button-content-wrapper\">\n\t\t\t\t\t\t\t\t\t<span class=\"elementor-button-text\">Cliquez ici<\/span>\n\t\t\t\t\t<\/span>\n\t\t\t\t\t<\/a>\n\t\t\t\t<\/div>\n\t\t\t\t\t\t\t\t<\/div>\n\t\t\t\t<\/div>\n\t\t\t\t\t<\/div>\n\t\t<\/div>\n\t\t\t\t\t<\/div>\n\t\t<\/section>\n\t\t\t\t<\/div>\n\t\t","protected":false},"excerpt":{"rendered":"<p>C\u2019est le mat\u00e9riaux de base du sticker standard. Toutes les couleurs y compris le noir sont imprim\u00e9es sur le blanc.&nbsp;[&hellip;]<\/p>\n","protected":false},"author":1,"featured_media":0,"parent":0,"menu_order":0,"comment_status":"closed","ping_status":"closed","template":"","meta":{"footnotes":""},"class_list":["post-261","page","type-page","status-publish","hentry","post-item clearfix"],"yoast_head":"<!-- This site is optimized with the Yoast SEO plugin v27.5 - https:\/\/yoast.com\/product\/yoast-seo-wordpress\/ -->\n<title>Stickers.fr - Autocollants et Stickers personnalis\u00e9s<\/title>\n<meta name=\"description\" content=\"Nous sommes sp\u00e9cialis\u00e9s dans l\u2018impression d\u2019autocollants stickers et travaillons avec nos prescripteurs dans tous les coins de la France voire l\u2019Europe.\" \/>\n<meta name=\"robots\" content=\"index, follow, max-snippet:-1, max-image-preview:large, max-video-preview:-1\" \/>\n<link rel=\"canonical\" href=\"https:\/\/stickers.fr\/autocollant\/index.php\/vinyle-blanc\/\" \/>\n<meta property=\"og:locale\" content=\"fr_FR\" \/>\n<meta property=\"og:type\" content=\"article\" \/>\n<meta property=\"og:title\" content=\"Stickers.fr - Autocollants et Stickers personnalis\u00e9s\" \/>\n<meta property=\"og:description\" content=\"Nous sommes sp\u00e9cialis\u00e9s dans l\u2018impression d\u2019autocollants stickers et travaillons avec nos prescripteurs dans tous les coins de la France voire l\u2019Europe.\" \/>\n<meta property=\"og:url\" content=\"https:\/\/stickers.fr\/autocollant\/index.php\/vinyle-blanc\/\" \/>\n<meta property=\"og:site_name\" content=\"Autocollants et Stickers personnalis\u00e9s\" \/>\n<meta property=\"article:publisher\" content=\"https:\/\/www.facebook.com\/Stickersfr-751164974960802\" \/>\n<meta property=\"article:modified_time\" content=\"2020-11-09T18:10:45+00:00\" \/>\n<meta property=\"og:image\" content=\"https:\/\/stickers.fr\/autocollant\/wp-content\/uploads\/2020\/08\/sticker-vinyle-blanc-1.png\" \/>\n<meta name=\"twitter:card\" content=\"summary_large_image\" \/>\n<meta name=\"twitter:label1\" content=\"Dur\u00e9e de lecture estim\u00e9e\" \/>\n\t<meta name=\"twitter:data1\" content=\"1 minute\" \/>\n<script type=\"application\/ld+json\" class=\"yoast-schema-graph\">{\"@context\":\"https:\\\/\\\/schema.org\",\"@graph\":[{\"@type\":\"WebPage\",\"@id\":\"https:\\\/\\\/stickers.fr\\\/autocollant\\\/index.php\\\/vinyle-blanc\\\/\",\"url\":\"https:\\\/\\\/stickers.fr\\\/autocollant\\\/index.php\\\/vinyle-blanc\\\/\",\"name\":\"Stickers.fr - Autocollants et Stickers personnalis\u00e9s\",\"isPartOf\":{\"@id\":\"https:\\\/\\\/stickers.fr\\\/autocollant\\\/#website\"},\"primaryImageOfPage\":{\"@id\":\"https:\\\/\\\/stickers.fr\\\/autocollant\\\/index.php\\\/vinyle-blanc\\\/#primaryimage\"},\"image\":{\"@id\":\"https:\\\/\\\/stickers.fr\\\/autocollant\\\/index.php\\\/vinyle-blanc\\\/#primaryimage\"},\"thumbnailUrl\":\"https:\\\/\\\/stickers.fr\\\/autocollant\\\/wp-content\\\/uploads\\\/2020\\\/08\\\/sticker-vinyle-blanc-1.png\",\"datePublished\":\"2020-05-12T15:02:21+00:00\",\"dateModified\":\"2020-11-09T18:10:45+00:00\",\"description\":\"Nous sommes sp\u00e9cialis\u00e9s dans l\u2018impression d\u2019autocollants stickers et travaillons avec nos prescripteurs dans tous les coins de la France voire l\u2019Europe.\",\"breadcrumb\":{\"@id\":\"https:\\\/\\\/stickers.fr\\\/autocollant\\\/index.php\\\/vinyle-blanc\\\/#breadcrumb\"},\"inLanguage\":\"fr-FR\",\"potentialAction\":[{\"@type\":\"ReadAction\",\"target\":[\"https:\\\/\\\/stickers.fr\\\/autocollant\\\/index.php\\\/vinyle-blanc\\\/\"]}]},{\"@type\":\"ImageObject\",\"inLanguage\":\"fr-FR\",\"@id\":\"https:\\\/\\\/stickers.fr\\\/autocollant\\\/index.php\\\/vinyle-blanc\\\/#primaryimage\",\"url\":\"https:\\\/\\\/i0.wp.com\\\/stickers.fr\\\/autocollant\\\/wp-content\\\/uploads\\\/2020\\\/08\\\/sticker-vinyle-blanc-1.png?fit=236%2C147&ssl=1\",\"contentUrl\":\"https:\\\/\\\/i0.wp.com\\\/stickers.fr\\\/autocollant\\\/wp-content\\\/uploads\\\/2020\\\/08\\\/sticker-vinyle-blanc-1.png?fit=236%2C147&ssl=1\",\"width\":236,\"height\":147,\"caption\":\"stickers colle renforce autocollant\"},{\"@type\":\"BreadcrumbList\",\"@id\":\"https:\\\/\\\/stickers.fr\\\/autocollant\\\/index.php\\\/vinyle-blanc\\\/#breadcrumb\",\"itemListElement\":[{\"@type\":\"ListItem\",\"position\":1,\"name\":\"Accueil\",\"item\":\"https:\\\/\\\/stickers.fr\\\/autocollant\\\/\"},{\"@type\":\"ListItem\",\"position\":2,\"name\":\"Autocollants standards Vinyle blanc\"}]},{\"@type\":\"WebSite\",\"@id\":\"https:\\\/\\\/stickers.fr\\\/autocollant\\\/#website\",\"url\":\"https:\\\/\\\/stickers.fr\\\/autocollant\\\/\",\"name\":\"Stickers et Autocollants personnalis\u00e9s\",\"description\":\"Le sp\u00e9cialiste Autocollants et Stickers personnalis\u00e9s sur internet\",\"publisher\":{\"@id\":\"https:\\\/\\\/stickers.fr\\\/autocollant\\\/#organization\"},\"potentialAction\":[{\"@type\":\"SearchAction\",\"target\":{\"@type\":\"EntryPoint\",\"urlTemplate\":\"https:\\\/\\\/stickers.fr\\\/autocollant\\\/?s={search_term_string}\"},\"query-input\":{\"@type\":\"PropertyValueSpecification\",\"valueRequired\":true,\"valueName\":\"search_term_string\"}}],\"inLanguage\":\"fr-FR\"},{\"@type\":\"Organization\",\"@id\":\"https:\\\/\\\/stickers.fr\\\/autocollant\\\/#organization\",\"name\":\"STICKERS.FR\",\"url\":\"https:\\\/\\\/stickers.fr\\\/autocollant\\\/\",\"logo\":{\"@type\":\"ImageObject\",\"inLanguage\":\"fr-FR\",\"@id\":\"https:\\\/\\\/stickers.fr\\\/autocollant\\\/#\\\/schema\\\/logo\\\/image\\\/\",\"url\":\"https:\\\/\\\/stickers.fr\\\/autocollant\\\/wp-content\\\/uploads\\\/2020\\\/05\\\/logo-2020-3.png\",\"contentUrl\":\"https:\\\/\\\/stickers.fr\\\/autocollant\\\/wp-content\\\/uploads\\\/2020\\\/05\\\/logo-2020-3.png\",\"width\":158,\"height\":149,\"caption\":\"STICKERS.FR\"},\"image\":{\"@id\":\"https:\\\/\\\/stickers.fr\\\/autocollant\\\/#\\\/schema\\\/logo\\\/image\\\/\"},\"sameAs\":[\"https:\\\/\\\/www.facebook.com\\\/Stickersfr-751164974960802\"]}]}<\/script>\n<!-- \/ Yoast SEO plugin. -->","yoast_head_json":{"title":"Stickers.fr - Autocollants et Stickers personnalis\u00e9s","description":"Nous sommes sp\u00e9cialis\u00e9s dans l\u2018impression d\u2019autocollants stickers et travaillons avec nos prescripteurs dans tous les coins de la France voire l\u2019Europe.","robots":{"index":"index","follow":"follow","max-snippet":"max-snippet:-1","max-image-preview":"max-image-preview:large","max-video-preview":"max-video-preview:-1"},"canonical":"https:\/\/stickers.fr\/autocollant\/index.php\/vinyle-blanc\/","og_locale":"fr_FR","og_type":"article","og_title":"Stickers.fr - Autocollants et Stickers personnalis\u00e9s","og_description":"Nous sommes sp\u00e9cialis\u00e9s dans l\u2018impression d\u2019autocollants stickers et travaillons avec nos prescripteurs dans tous les coins de la France voire l\u2019Europe.","og_url":"https:\/\/stickers.fr\/autocollant\/index.php\/vinyle-blanc\/","og_site_name":"Autocollants et Stickers personnalis\u00e9s","article_publisher":"https:\/\/www.facebook.com\/Stickersfr-751164974960802","article_modified_time":"2020-11-09T18:10:45+00:00","og_image":[{"url":"https:\/\/stickers.fr\/autocollant\/wp-content\/uploads\/2020\/08\/sticker-vinyle-blanc-1.png","type":"","width":"","height":""}],"twitter_card":"summary_large_image","twitter_misc":{"Dur\u00e9e de lecture estim\u00e9e":"1 minute"},"schema":{"@context":"https:\/\/schema.org","@graph":[{"@type":"WebPage","@id":"https:\/\/stickers.fr\/autocollant\/index.php\/vinyle-blanc\/","url":"https:\/\/stickers.fr\/autocollant\/index.php\/vinyle-blanc\/","name":"Stickers.fr - Autocollants et Stickers personnalis\u00e9s","isPartOf":{"@id":"https:\/\/stickers.fr\/autocollant\/#website"},"primaryImageOfPage":{"@id":"https:\/\/stickers.fr\/autocollant\/index.php\/vinyle-blanc\/#primaryimage"},"image":{"@id":"https:\/\/stickers.fr\/autocollant\/index.php\/vinyle-blanc\/#primaryimage"},"thumbnailUrl":"https:\/\/stickers.fr\/autocollant\/wp-content\/uploads\/2020\/08\/sticker-vinyle-blanc-1.png","datePublished":"2020-05-12T15:02:21+00:00","dateModified":"2020-11-09T18:10:45+00:00","description":"Nous sommes sp\u00e9cialis\u00e9s dans l\u2018impression d\u2019autocollants stickers et travaillons avec nos prescripteurs dans tous les coins de la France voire l\u2019Europe.","breadcrumb":{"@id":"https:\/\/stickers.fr\/autocollant\/index.php\/vinyle-blanc\/#breadcrumb"},"inLanguage":"fr-FR","potentialAction":[{"@type":"ReadAction","target":["https:\/\/stickers.fr\/autocollant\/index.php\/vinyle-blanc\/"]}]},{"@type":"ImageObject","inLanguage":"fr-FR","@id":"https:\/\/stickers.fr\/autocollant\/index.php\/vinyle-blanc\/#primaryimage","url":"https:\/\/i0.wp.com\/stickers.fr\/autocollant\/wp-content\/uploads\/2020\/08\/sticker-vinyle-blanc-1.png?fit=236%2C147&ssl=1","contentUrl":"https:\/\/i0.wp.com\/stickers.fr\/autocollant\/wp-content\/uploads\/2020\/08\/sticker-vinyle-blanc-1.png?fit=236%2C147&ssl=1","width":236,"height":147,"caption":"stickers colle renforce autocollant"},{"@type":"BreadcrumbList","@id":"https:\/\/stickers.fr\/autocollant\/index.php\/vinyle-blanc\/#breadcrumb","itemListElement":[{"@type":"ListItem","position":1,"name":"Accueil","item":"https:\/\/stickers.fr\/autocollant\/"},{"@type":"ListItem","position":2,"name":"Autocollants standards Vinyle blanc"}]},{"@type":"WebSite","@id":"https:\/\/stickers.fr\/autocollant\/#website","url":"https:\/\/stickers.fr\/autocollant\/","name":"Stickers et Autocollants personnalis\u00e9s","description":"Le sp\u00e9cialiste Autocollants et Stickers personnalis\u00e9s sur internet","publisher":{"@id":"https:\/\/stickers.fr\/autocollant\/#organization"},"potentialAction":[{"@type":"SearchAction","target":{"@type":"EntryPoint","urlTemplate":"https:\/\/stickers.fr\/autocollant\/?s={search_term_string}"},"query-input":{"@type":"PropertyValueSpecification","valueRequired":true,"valueName":"search_term_string"}}],"inLanguage":"fr-FR"},{"@type":"Organization","@id":"https:\/\/stickers.fr\/autocollant\/#organization","name":"STICKERS.FR","url":"https:\/\/stickers.fr\/autocollant\/","logo":{"@type":"ImageObject","inLanguage":"fr-FR","@id":"https:\/\/stickers.fr\/autocollant\/#\/schema\/logo\/image\/","url":"https:\/\/stickers.fr\/autocollant\/wp-content\/uploads\/2020\/05\/logo-2020-3.png","contentUrl":"https:\/\/stickers.fr\/autocollant\/wp-content\/uploads\/2020\/05\/logo-2020-3.png","width":158,"height":149,"caption":"STICKERS.FR"},"image":{"@id":"https:\/\/stickers.fr\/autocollant\/#\/schema\/logo\/image\/"},"sameAs":["https:\/\/www.facebook.com\/Stickersfr-751164974960802"]}]}},"jetpack_sharing_enabled":true,"_links":{"self":[{"href":"https:\/\/stickers.fr\/autocollant\/index.php\/wp-json\/wp\/v2\/pages\/261","targetHints":{"allow":["GET"]}}],"collection":[{"href":"https:\/\/stickers.fr\/autocollant\/index.php\/wp-json\/wp\/v2\/pages"}],"about":[{"href":"https:\/\/stickers.fr\/autocollant\/index.php\/wp-json\/wp\/v2\/types\/page"}],"author":[{"embeddable":true,"href":"https:\/\/stickers.fr\/autocollant\/index.php\/wp-json\/wp\/v2\/users\/1"}],"replies":[{"embeddable":true,"href":"https:\/\/stickers.fr\/autocollant\/index.php\/wp-json\/wp\/v2\/comments?post=261"}],"version-history":[{"count":7,"href":"https:\/\/stickers.fr\/autocollant\/index.php\/wp-json\/wp\/v2\/pages\/261\/revisions"}],"predecessor-version":[{"id":1121,"href":"https:\/\/stickers.fr\/autocollant\/index.php\/wp-json\/wp\/v2\/pages\/261\/revisions\/1121"}],"wp:attachment":[{"href":"https:\/\/stickers.fr\/autocollant\/index.php\/wp-json\/wp\/v2\/media?parent=261"}],"curies":[{"name":"wp","href":"https:\/\/api.w.org\/{rel}","templated":true}]}}