{"id":271,"date":"2020-05-12T17:04:34","date_gmt":"2020-05-12T15:04:34","guid":{"rendered":"https:\/\/stickers.fr\/autocollant\/?page_id=271"},"modified":"2023-08-30T14:34:00","modified_gmt":"2023-08-30T12:34:00","slug":"autocollants-ecologiques","status":"publish","type":"page","link":"https:\/\/stickers.fr\/autocollant\/index.php\/produits\/autocollants-ecologiques\/","title":{"rendered":"Autocollants \u00e9cologiques"},"content":{"rendered":"\t\t<div data-elementor-type=\"wp-page\" data-elementor-id=\"271\" class=\"elementor elementor-271\">\n\t\t\t\t\t\t<section class=\"elementor-section elementor-top-section elementor-element elementor-element-4e27732 elementor-section-boxed elementor-section-height-default elementor-section-height-default\" data-id=\"4e27732\" data-element_type=\"section\" data-e-type=\"section\">\n\t\t\t\t\t\t<div class=\"elementor-container elementor-column-gap-default\">\n\t\t\t\t\t<div class=\"elementor-column elementor-col-100 elementor-top-column elementor-element elementor-element-782c055\" data-id=\"782c055\" data-element_type=\"column\" data-e-type=\"column\">\n\t\t\t<div class=\"elementor-widget-wrap elementor-element-populated\">\n\t\t\t\t\t\t<div class=\"elementor-element elementor-element-c1ad2be elementor-widget elementor-widget-image\" data-id=\"c1ad2be\" data-element_type=\"widget\" data-e-type=\"widget\" data-widget_type=\"image.default\">\n\t\t\t\t<div class=\"elementor-widget-container\">\n\t\t\t\t\t\t\t\t\t\t\t\t\t\t\t<img fetchpriority=\"high\" decoding=\"async\" width=\"900\" height=\"560\" src=\"https:\/\/i0.wp.com\/stickers.fr\/autocollant\/wp-content\/uploads\/2020\/08\/VINYLE-ECOLOGIQUE-3.jpg?fit=900%2C560&amp;ssl=1\" class=\"attachment-large size-large wp-image-404\" alt=\"autocollant ecologique stickers\" srcset=\"https:\/\/i0.wp.com\/stickers.fr\/autocollant\/wp-content\/uploads\/2020\/08\/VINYLE-ECOLOGIQUE-3.jpg?w=900&amp;ssl=1 900w, https:\/\/i0.wp.com\/stickers.fr\/autocollant\/wp-content\/uploads\/2020\/08\/VINYLE-ECOLOGIQUE-3.jpg?resize=300%2C187&amp;ssl=1 300w, https:\/\/i0.wp.com\/stickers.fr\/autocollant\/wp-content\/uploads\/2020\/08\/VINYLE-ECOLOGIQUE-3.jpg?resize=768%2C478&amp;ssl=1 768w, https:\/\/i0.wp.com\/stickers.fr\/autocollant\/wp-content\/uploads\/2020\/08\/VINYLE-ECOLOGIQUE-3.jpg?resize=200%2C124&amp;ssl=1 200w, https:\/\/i0.wp.com\/stickers.fr\/autocollant\/wp-content\/uploads\/2020\/08\/VINYLE-ECOLOGIQUE-3.jpg?resize=690%2C429&amp;ssl=1 690w\" sizes=\"(max-width: 900px) 100vw, 900px\" \/>\t\t\t\t\t\t\t\t\t\t\t\t\t\t\t<\/div>\n\t\t\t\t<\/div>\n\t\t\t\t<div class=\"elementor-element elementor-element-aa0d8a2 elementor-widget elementor-widget-text-editor\" data-id=\"aa0d8a2\" data-element_type=\"widget\" data-e-type=\"widget\" data-widget_type=\"text-editor.default\">\n\t\t\t\t<div class=\"elementor-widget-container\">\n\t\t\t\t\t\t\t\t\t<p>Film monom\u00e8re polypropyl\u00e8ne 100\u00b5 de premier choix&nbsp;<strong>sans PVC, ni chlore, ni plastifiant. Colle acrylique.<br><\/strong><\/p>\n<p>Les autocollants \u00e9cologiques sont souples, avec une surface brillante et une colle permanente.<\/p>\n<p>Id\u00e9al pour la r\u00e9alisation de publicit\u00e9s durables aussi bien \u00e0 l&rsquo;int\u00e9rieur qu&rsquo;\u00e0 l&rsquo;ext\u00e9rieur tout en respectant la nature.<\/p>\t\t\t\t\t\t\t\t<\/div>\n\t\t\t\t<\/div>\n\t\t\t\t\t<\/div>\n\t\t<\/div>\n\t\t\t\t\t<\/div>\n\t\t<\/section>\n\t\t\t\t<section class=\"elementor-section elementor-top-section elementor-element elementor-element-f071573 elementor-section-boxed elementor-section-height-default elementor-section-height-default\" data-id=\"f071573\" data-element_type=\"section\" data-e-type=\"section\">\n\t\t\t\t\t\t<div class=\"elementor-container elementor-column-gap-default\">\n\t\t\t\t\t<div class=\"elementor-column elementor-col-50 elementor-top-column elementor-element elementor-element-cd0e252\" data-id=\"cd0e252\" data-element_type=\"column\" data-e-type=\"column\">\n\t\t\t<div class=\"elementor-widget-wrap elementor-element-populated\">\n\t\t\t\t\t\t<div class=\"elementor-element elementor-element-8fb71b6 elementor-widget elementor-widget-image\" data-id=\"8fb71b6\" data-element_type=\"widget\" data-e-type=\"widget\" data-widget_type=\"image.default\">\n\t\t\t\t<div class=\"elementor-widget-container\">\n\t\t\t\t\t\t\t\t\t\t\t\t\t\t\t<img decoding=\"async\" width=\"400\" height=\"337\" src=\"https:\/\/i0.wp.com\/stickers.fr\/autocollant\/wp-content\/uploads\/2020\/08\/stickers-echantillons-thumb.jpg?fit=400%2C337&amp;ssl=1\" class=\"attachment-large size-large wp-image-405\" alt=\"stickers echantillon\" srcset=\"https:\/\/i0.wp.com\/stickers.fr\/autocollant\/wp-content\/uploads\/2020\/08\/stickers-echantillons-thumb.jpg?w=400&amp;ssl=1 400w, https:\/\/i0.wp.com\/stickers.fr\/autocollant\/wp-content\/uploads\/2020\/08\/stickers-echantillons-thumb.jpg?resize=300%2C253&amp;ssl=1 300w, https:\/\/i0.wp.com\/stickers.fr\/autocollant\/wp-content\/uploads\/2020\/08\/stickers-echantillons-thumb.jpg?resize=200%2C169&amp;ssl=1 200w\" sizes=\"(max-width: 400px) 100vw, 400px\" \/>\t\t\t\t\t\t\t\t\t\t\t\t\t\t\t<\/div>\n\t\t\t\t<\/div>\n\t\t\t\t\t<\/div>\n\t\t<\/div>\n\t\t\t\t<div class=\"elementor-column elementor-col-50 elementor-top-column elementor-element elementor-element-8a04d39\" data-id=\"8a04d39\" data-element_type=\"column\" data-e-type=\"column\">\n\t\t\t<div class=\"elementor-widget-wrap elementor-element-populated\">\n\t\t\t\t\t\t<div class=\"elementor-element elementor-element-602ca8c elementor-widget elementor-widget-image\" data-id=\"602ca8c\" data-element_type=\"widget\" data-e-type=\"widget\" data-widget_type=\"image.default\">\n\t\t\t\t<div class=\"elementor-widget-container\">\n\t\t\t\t\t\t\t\t\t\t\t\t\t\t\t<img decoding=\"async\" width=\"800\" height=\"522\" src=\"https:\/\/i0.wp.com\/stickers.fr\/autocollant\/wp-content\/uploads\/2020\/08\/vinyle-ecologique-2.jpg?fit=800%2C522&amp;ssl=1\" class=\"attachment-large size-large wp-image-406\" alt=\"autocollant ecologique stickers\" srcset=\"https:\/\/i0.wp.com\/stickers.fr\/autocollant\/wp-content\/uploads\/2020\/08\/vinyle-ecologique-2.jpg?w=800&amp;ssl=1 800w, https:\/\/i0.wp.com\/stickers.fr\/autocollant\/wp-content\/uploads\/2020\/08\/vinyle-ecologique-2.jpg?resize=300%2C196&amp;ssl=1 300w, https:\/\/i0.wp.com\/stickers.fr\/autocollant\/wp-content\/uploads\/2020\/08\/vinyle-ecologique-2.jpg?resize=768%2C501&amp;ssl=1 768w, https:\/\/i0.wp.com\/stickers.fr\/autocollant\/wp-content\/uploads\/2020\/08\/vinyle-ecologique-2.jpg?resize=200%2C131&amp;ssl=1 200w, https:\/\/i0.wp.com\/stickers.fr\/autocollant\/wp-content\/uploads\/2020\/08\/vinyle-ecologique-2.jpg?resize=690%2C450&amp;ssl=1 690w\" sizes=\"(max-width: 800px) 100vw, 800px\" \/>\t\t\t\t\t\t\t\t\t\t\t\t\t\t\t<\/div>\n\t\t\t\t<\/div>\n\t\t\t\t\t<\/div>\n\t\t<\/div>\n\t\t\t\t\t<\/div>\n\t\t<\/section>\n\t\t\t\t<section class=\"elementor-section elementor-top-section elementor-element elementor-element-2943c86 elementor-section-boxed elementor-section-height-default elementor-section-height-default\" data-id=\"2943c86\" data-element_type=\"section\" data-e-type=\"section\">\n\t\t\t\t\t\t<div class=\"elementor-container elementor-column-gap-default\">\n\t\t\t\t\t<div class=\"elementor-column elementor-col-100 elementor-top-column elementor-element elementor-element-a11990c\" data-id=\"a11990c\" data-element_type=\"column\" data-e-type=\"column\">\n\t\t\t<div class=\"elementor-widget-wrap elementor-element-populated\">\n\t\t\t\t\t\t<div class=\"elementor-element elementor-element-7e112de elementor-widget elementor-widget-text-editor\" data-id=\"7e112de\" data-element_type=\"widget\" data-e-type=\"widget\" data-widget_type=\"text-editor.default\">\n\t\t\t\t<div class=\"elementor-widget-container\">\n\t\t\t\t\t\t\t\t\t<p>Professionnels, vous pouvez demander des \u00e9chantillons<a href=\"https:\/\/stickers.fr\/autocollant\/index.php\/demande-dechantillons\/\" target=\"_self\">.<\/a><\/p>\t\t\t\t\t\t\t\t<\/div>\n\t\t\t\t<\/div>\n\t\t\t\t<div class=\"elementor-element elementor-element-8d34dea elementor-align-center elementor-widget elementor-widget-button\" data-id=\"8d34dea\" data-element_type=\"widget\" data-e-type=\"widget\" data-widget_type=\"button.default\">\n\t\t\t\t<div class=\"elementor-widget-container\">\n\t\t\t\t\t\t\t\t\t<div class=\"elementor-button-wrapper\">\n\t\t\t\t\t<a class=\"elementor-button elementor-button-link elementor-size-sm elementor-animation-shrink\" href=\"https:\/\/stickers.fr\/autocollant\/index.php\/demande-dechantillons\/\">\n\t\t\t\t\t\t<span class=\"elementor-button-content-wrapper\">\n\t\t\t\t\t\t\t\t\t<span class=\"elementor-button-text\">Cliquez ici<\/span>\n\t\t\t\t\t<\/span>\n\t\t\t\t\t<\/a>\n\t\t\t\t<\/div>\n\t\t\t\t\t\t\t\t<\/div>\n\t\t\t\t<\/div>\n\t\t\t\t\t<\/div>\n\t\t<\/div>\n\t\t\t\t\t<\/div>\n\t\t<\/section>\n\t\t\t\t<\/div>\n\t\t","protected":false},"excerpt":{"rendered":"<p>Film monom\u00e8re polypropyl\u00e8ne 100\u00b5 de premier choix&nbsp;sans PVC, ni chlore, ni plastifiant. Colle acrylique. Les autocollants \u00e9cologiques sont souples, avec&nbsp;[&hellip;]<\/p>\n","protected":false},"author":1,"featured_media":0,"parent":244,"menu_order":0,"comment_status":"closed","ping_status":"closed","template":"","meta":{"footnotes":""},"class_list":["post-271","page","type-page","status-publish","hentry","post-item clearfix"],"yoast_head":"<!-- This site is optimized with the Yoast SEO plugin v27.4 - https:\/\/yoast.com\/product\/yoast-seo-wordpress\/ -->\n<title>Autocollants \u00e9cologiques - Stickers.fr<\/title>\n<meta name=\"description\" content=\"Nous sommes sp\u00e9cialis\u00e9s dans l\u2018impression d\u2019autocollants stickers comme les autocollants \u00e9cologiques par exemple.\" \/>\n<meta name=\"robots\" content=\"index, follow, max-snippet:-1, max-image-preview:large, max-video-preview:-1\" \/>\n<link rel=\"canonical\" href=\"https:\/\/stickers.fr\/autocollant\/index.php\/produits\/autocollants-ecologiques\/\" \/>\n<meta property=\"og:locale\" content=\"fr_FR\" \/>\n<meta property=\"og:type\" content=\"article\" \/>\n<meta property=\"og:title\" content=\"Autocollants \u00e9cologiques - Stickers.fr\" \/>\n<meta property=\"og:description\" content=\"Nous sommes sp\u00e9cialis\u00e9s dans l\u2018impression d\u2019autocollants stickers comme les autocollants \u00e9cologiques par exemple.\" \/>\n<meta property=\"og:url\" content=\"https:\/\/stickers.fr\/autocollant\/index.php\/produits\/autocollants-ecologiques\/\" \/>\n<meta property=\"og:site_name\" content=\"Autocollants et Stickers personnalis\u00e9s\" \/>\n<meta property=\"article:publisher\" content=\"https:\/\/www.facebook.com\/Stickersfr-751164974960802\" \/>\n<meta property=\"article:modified_time\" content=\"2023-08-30T12:34:00+00:00\" \/>\n<meta property=\"og:image\" content=\"https:\/\/stickers.fr\/autocollant\/wp-content\/uploads\/2020\/08\/VINYLE-ECOLOGIQUE-3.jpg\" \/>\n<meta name=\"twitter:card\" content=\"summary_large_image\" \/>\n<meta name=\"twitter:label1\" content=\"Dur\u00e9e de lecture estim\u00e9e\" \/>\n\t<meta name=\"twitter:data1\" content=\"1 minute\" \/>\n<script type=\"application\/ld+json\" class=\"yoast-schema-graph\">{\"@context\":\"https:\\\/\\\/schema.org\",\"@graph\":[{\"@type\":\"WebPage\",\"@id\":\"https:\\\/\\\/stickers.fr\\\/autocollant\\\/index.php\\\/produits\\\/autocollants-ecologiques\\\/\",\"url\":\"https:\\\/\\\/stickers.fr\\\/autocollant\\\/index.php\\\/produits\\\/autocollants-ecologiques\\\/\",\"name\":\"Autocollants \u00e9cologiques - Stickers.fr\",\"isPartOf\":{\"@id\":\"https:\\\/\\\/stickers.fr\\\/autocollant\\\/#website\"},\"primaryImageOfPage\":{\"@id\":\"https:\\\/\\\/stickers.fr\\\/autocollant\\\/index.php\\\/produits\\\/autocollants-ecologiques\\\/#primaryimage\"},\"image\":{\"@id\":\"https:\\\/\\\/stickers.fr\\\/autocollant\\\/index.php\\\/produits\\\/autocollants-ecologiques\\\/#primaryimage\"},\"thumbnailUrl\":\"https:\\\/\\\/stickers.fr\\\/autocollant\\\/wp-content\\\/uploads\\\/2020\\\/08\\\/VINYLE-ECOLOGIQUE-3.jpg\",\"datePublished\":\"2020-05-12T15:04:34+00:00\",\"dateModified\":\"2023-08-30T12:34:00+00:00\",\"description\":\"Nous sommes sp\u00e9cialis\u00e9s dans l\u2018impression d\u2019autocollants stickers comme les autocollants \u00e9cologiques par exemple.\",\"breadcrumb\":{\"@id\":\"https:\\\/\\\/stickers.fr\\\/autocollant\\\/index.php\\\/produits\\\/autocollants-ecologiques\\\/#breadcrumb\"},\"inLanguage\":\"fr-FR\",\"potentialAction\":[{\"@type\":\"ReadAction\",\"target\":[\"https:\\\/\\\/stickers.fr\\\/autocollant\\\/index.php\\\/produits\\\/autocollants-ecologiques\\\/\"]}]},{\"@type\":\"ImageObject\",\"inLanguage\":\"fr-FR\",\"@id\":\"https:\\\/\\\/stickers.fr\\\/autocollant\\\/index.php\\\/produits\\\/autocollants-ecologiques\\\/#primaryimage\",\"url\":\"https:\\\/\\\/i0.wp.com\\\/stickers.fr\\\/autocollant\\\/wp-content\\\/uploads\\\/2020\\\/08\\\/VINYLE-ECOLOGIQUE-3.jpg?fit=900%2C560&ssl=1\",\"contentUrl\":\"https:\\\/\\\/i0.wp.com\\\/stickers.fr\\\/autocollant\\\/wp-content\\\/uploads\\\/2020\\\/08\\\/VINYLE-ECOLOGIQUE-3.jpg?fit=900%2C560&ssl=1\",\"width\":900,\"height\":560,\"caption\":\"autocollant ecologique stickers\"},{\"@type\":\"BreadcrumbList\",\"@id\":\"https:\\\/\\\/stickers.fr\\\/autocollant\\\/index.php\\\/produits\\\/autocollants-ecologiques\\\/#breadcrumb\",\"itemListElement\":[{\"@type\":\"ListItem\",\"position\":1,\"name\":\"Accueil\",\"item\":\"https:\\\/\\\/stickers.fr\\\/autocollant\\\/\"},{\"@type\":\"ListItem\",\"position\":2,\"name\":\"Produits\",\"item\":\"https:\\\/\\\/stickers.fr\\\/autocollant\\\/index.php\\\/produits\\\/\"},{\"@type\":\"ListItem\",\"position\":3,\"name\":\"Autocollants \u00e9cologiques\"}]},{\"@type\":\"WebSite\",\"@id\":\"https:\\\/\\\/stickers.fr\\\/autocollant\\\/#website\",\"url\":\"https:\\\/\\\/stickers.fr\\\/autocollant\\\/\",\"name\":\"Stickers et Autocollants personnalis\u00e9s\",\"description\":\"Le sp\u00e9cialiste Autocollants et Stickers personnalis\u00e9s sur internet\",\"publisher\":{\"@id\":\"https:\\\/\\\/stickers.fr\\\/autocollant\\\/#organization\"},\"potentialAction\":[{\"@type\":\"SearchAction\",\"target\":{\"@type\":\"EntryPoint\",\"urlTemplate\":\"https:\\\/\\\/stickers.fr\\\/autocollant\\\/?s={search_term_string}\"},\"query-input\":{\"@type\":\"PropertyValueSpecification\",\"valueRequired\":true,\"valueName\":\"search_term_string\"}}],\"inLanguage\":\"fr-FR\"},{\"@type\":\"Organization\",\"@id\":\"https:\\\/\\\/stickers.fr\\\/autocollant\\\/#organization\",\"name\":\"STICKERS.FR\",\"url\":\"https:\\\/\\\/stickers.fr\\\/autocollant\\\/\",\"logo\":{\"@type\":\"ImageObject\",\"inLanguage\":\"fr-FR\",\"@id\":\"https:\\\/\\\/stickers.fr\\\/autocollant\\\/#\\\/schema\\\/logo\\\/image\\\/\",\"url\":\"https:\\\/\\\/stickers.fr\\\/autocollant\\\/wp-content\\\/uploads\\\/2020\\\/05\\\/logo-2020-3.png\",\"contentUrl\":\"https:\\\/\\\/stickers.fr\\\/autocollant\\\/wp-content\\\/uploads\\\/2020\\\/05\\\/logo-2020-3.png\",\"width\":158,\"height\":149,\"caption\":\"STICKERS.FR\"},\"image\":{\"@id\":\"https:\\\/\\\/stickers.fr\\\/autocollant\\\/#\\\/schema\\\/logo\\\/image\\\/\"},\"sameAs\":[\"https:\\\/\\\/www.facebook.com\\\/Stickersfr-751164974960802\"]}]}<\/script>\n<!-- \/ Yoast SEO plugin. -->","yoast_head_json":{"title":"Autocollants \u00e9cologiques - Stickers.fr","description":"Nous sommes sp\u00e9cialis\u00e9s dans l\u2018impression d\u2019autocollants stickers comme les autocollants \u00e9cologiques par exemple.","robots":{"index":"index","follow":"follow","max-snippet":"max-snippet:-1","max-image-preview":"max-image-preview:large","max-video-preview":"max-video-preview:-1"},"canonical":"https:\/\/stickers.fr\/autocollant\/index.php\/produits\/autocollants-ecologiques\/","og_locale":"fr_FR","og_type":"article","og_title":"Autocollants \u00e9cologiques - Stickers.fr","og_description":"Nous sommes sp\u00e9cialis\u00e9s dans l\u2018impression d\u2019autocollants stickers comme les autocollants \u00e9cologiques par exemple.","og_url":"https:\/\/stickers.fr\/autocollant\/index.php\/produits\/autocollants-ecologiques\/","og_site_name":"Autocollants et Stickers personnalis\u00e9s","article_publisher":"https:\/\/www.facebook.com\/Stickersfr-751164974960802","article_modified_time":"2023-08-30T12:34:00+00:00","og_image":[{"url":"https:\/\/stickers.fr\/autocollant\/wp-content\/uploads\/2020\/08\/VINYLE-ECOLOGIQUE-3.jpg","type":"","width":"","height":""}],"twitter_card":"summary_large_image","twitter_misc":{"Dur\u00e9e de lecture estim\u00e9e":"1 minute"},"schema":{"@context":"https:\/\/schema.org","@graph":[{"@type":"WebPage","@id":"https:\/\/stickers.fr\/autocollant\/index.php\/produits\/autocollants-ecologiques\/","url":"https:\/\/stickers.fr\/autocollant\/index.php\/produits\/autocollants-ecologiques\/","name":"Autocollants \u00e9cologiques - Stickers.fr","isPartOf":{"@id":"https:\/\/stickers.fr\/autocollant\/#website"},"primaryImageOfPage":{"@id":"https:\/\/stickers.fr\/autocollant\/index.php\/produits\/autocollants-ecologiques\/#primaryimage"},"image":{"@id":"https:\/\/stickers.fr\/autocollant\/index.php\/produits\/autocollants-ecologiques\/#primaryimage"},"thumbnailUrl":"https:\/\/stickers.fr\/autocollant\/wp-content\/uploads\/2020\/08\/VINYLE-ECOLOGIQUE-3.jpg","datePublished":"2020-05-12T15:04:34+00:00","dateModified":"2023-08-30T12:34:00+00:00","description":"Nous sommes sp\u00e9cialis\u00e9s dans l\u2018impression d\u2019autocollants stickers comme les autocollants \u00e9cologiques par exemple.","breadcrumb":{"@id":"https:\/\/stickers.fr\/autocollant\/index.php\/produits\/autocollants-ecologiques\/#breadcrumb"},"inLanguage":"fr-FR","potentialAction":[{"@type":"ReadAction","target":["https:\/\/stickers.fr\/autocollant\/index.php\/produits\/autocollants-ecologiques\/"]}]},{"@type":"ImageObject","inLanguage":"fr-FR","@id":"https:\/\/stickers.fr\/autocollant\/index.php\/produits\/autocollants-ecologiques\/#primaryimage","url":"https:\/\/i0.wp.com\/stickers.fr\/autocollant\/wp-content\/uploads\/2020\/08\/VINYLE-ECOLOGIQUE-3.jpg?fit=900%2C560&ssl=1","contentUrl":"https:\/\/i0.wp.com\/stickers.fr\/autocollant\/wp-content\/uploads\/2020\/08\/VINYLE-ECOLOGIQUE-3.jpg?fit=900%2C560&ssl=1","width":900,"height":560,"caption":"autocollant ecologique stickers"},{"@type":"BreadcrumbList","@id":"https:\/\/stickers.fr\/autocollant\/index.php\/produits\/autocollants-ecologiques\/#breadcrumb","itemListElement":[{"@type":"ListItem","position":1,"name":"Accueil","item":"https:\/\/stickers.fr\/autocollant\/"},{"@type":"ListItem","position":2,"name":"Produits","item":"https:\/\/stickers.fr\/autocollant\/index.php\/produits\/"},{"@type":"ListItem","position":3,"name":"Autocollants \u00e9cologiques"}]},{"@type":"WebSite","@id":"https:\/\/stickers.fr\/autocollant\/#website","url":"https:\/\/stickers.fr\/autocollant\/","name":"Stickers et Autocollants personnalis\u00e9s","description":"Le sp\u00e9cialiste Autocollants et Stickers personnalis\u00e9s sur internet","publisher":{"@id":"https:\/\/stickers.fr\/autocollant\/#organization"},"potentialAction":[{"@type":"SearchAction","target":{"@type":"EntryPoint","urlTemplate":"https:\/\/stickers.fr\/autocollant\/?s={search_term_string}"},"query-input":{"@type":"PropertyValueSpecification","valueRequired":true,"valueName":"search_term_string"}}],"inLanguage":"fr-FR"},{"@type":"Organization","@id":"https:\/\/stickers.fr\/autocollant\/#organization","name":"STICKERS.FR","url":"https:\/\/stickers.fr\/autocollant\/","logo":{"@type":"ImageObject","inLanguage":"fr-FR","@id":"https:\/\/stickers.fr\/autocollant\/#\/schema\/logo\/image\/","url":"https:\/\/stickers.fr\/autocollant\/wp-content\/uploads\/2020\/05\/logo-2020-3.png","contentUrl":"https:\/\/stickers.fr\/autocollant\/wp-content\/uploads\/2020\/05\/logo-2020-3.png","width":158,"height":149,"caption":"STICKERS.FR"},"image":{"@id":"https:\/\/stickers.fr\/autocollant\/#\/schema\/logo\/image\/"},"sameAs":["https:\/\/www.facebook.com\/Stickersfr-751164974960802"]}]}},"jetpack_sharing_enabled":true,"_links":{"self":[{"href":"https:\/\/stickers.fr\/autocollant\/index.php\/wp-json\/wp\/v2\/pages\/271","targetHints":{"allow":["GET"]}}],"collection":[{"href":"https:\/\/stickers.fr\/autocollant\/index.php\/wp-json\/wp\/v2\/pages"}],"about":[{"href":"https:\/\/stickers.fr\/autocollant\/index.php\/wp-json\/wp\/v2\/types\/page"}],"author":[{"embeddable":true,"href":"https:\/\/stickers.fr\/autocollant\/index.php\/wp-json\/wp\/v2\/users\/1"}],"replies":[{"embeddable":true,"href":"https:\/\/stickers.fr\/autocollant\/index.php\/wp-json\/wp\/v2\/comments?post=271"}],"version-history":[{"count":5,"href":"https:\/\/stickers.fr\/autocollant\/index.php\/wp-json\/wp\/v2\/pages\/271\/revisions"}],"predecessor-version":[{"id":1590,"href":"https:\/\/stickers.fr\/autocollant\/index.php\/wp-json\/wp\/v2\/pages\/271\/revisions\/1590"}],"up":[{"embeddable":true,"href":"https:\/\/stickers.fr\/autocollant\/index.php\/wp-json\/wp\/v2\/pages\/244"}],"wp:attachment":[{"href":"https:\/\/stickers.fr\/autocollant\/index.php\/wp-json\/wp\/v2\/media?parent=271"}],"curies":[{"name":"wp","href":"https:\/\/api.w.org\/{rel}","templated":true}]}}