{"id":285,"date":"2020-05-12T17:06:51","date_gmt":"2020-05-12T15:06:51","guid":{"rendered":"https:\/\/stickers.fr\/autocollant\/?page_id=285"},"modified":"2023-08-30T14:34:02","modified_gmt":"2023-08-30T12:34:02","slug":"autocollants-recto-verso","status":"publish","type":"page","link":"https:\/\/stickers.fr\/autocollant\/index.php\/produits\/autocollants-recto-verso\/","title":{"rendered":"Autocollants Recto-Verso"},"content":{"rendered":"\t\t<div data-elementor-type=\"wp-page\" data-elementor-id=\"285\" class=\"elementor elementor-285\">\n\t\t\t\t\t\t<section class=\"elementor-section elementor-top-section elementor-element elementor-element-605eaa7 elementor-section-boxed elementor-section-height-default elementor-section-height-default\" data-id=\"605eaa7\" data-element_type=\"section\" data-e-type=\"section\">\n\t\t\t\t\t\t<div class=\"elementor-container elementor-column-gap-default\">\n\t\t\t\t\t<div class=\"elementor-column elementor-col-100 elementor-top-column elementor-element elementor-element-535767b\" data-id=\"535767b\" data-element_type=\"column\" data-e-type=\"column\">\n\t\t\t<div class=\"elementor-widget-wrap elementor-element-populated\">\n\t\t\t\t\t\t<div class=\"elementor-element elementor-element-5c63ecd elementor-widget elementor-widget-text-editor\" data-id=\"5c63ecd\" data-element_type=\"widget\" data-e-type=\"widget\" data-widget_type=\"text-editor.default\">\n\t\t\t\t<div class=\"elementor-widget-container\">\n\t\t\t\t\t\t\t\t\t<p>L\u2019autocollants Recto-Verso est un sticker avec un message publicitaire de deux c\u00f4t\u00e9s de l\u2019adh\u00e9sif.<\/p><p>Il se colle le plus souvent sur des vitrines des magasins (il reste donc \u00e0 l\u2019abri car on peut le placer \u00e0 l\u2019int\u00e9rieur). On peut l\u2019utiliser \u00e9galement pour des pare-brises de v\u00e9hicules, des coffrets en plexi, des bouteilles (flacons) ou d\u2019autres packaging transparents.<\/p><p>Compl\u00e8tement opaque, le message apparait parfaitement des deux c\u00f4t\u00e9s de l\u2019autocollant.<\/p><p>Il peut \u00eatre imprim\u00e9 en recto\/verso avec des visuels identiques ou avec deux images diff\u00e9rentes selon les besoins.<\/p>\t\t\t\t\t\t\t\t<\/div>\n\t\t\t\t<\/div>\n\t\t\t\t<section class=\"elementor-section elementor-inner-section elementor-element elementor-element-29dae54 elementor-section-boxed elementor-section-height-default elementor-section-height-default\" data-id=\"29dae54\" data-element_type=\"section\" data-e-type=\"section\">\n\t\t\t\t\t\t<div class=\"elementor-container elementor-column-gap-default\">\n\t\t\t\t\t<div class=\"elementor-column elementor-col-50 elementor-inner-column elementor-element elementor-element-906dd93\" data-id=\"906dd93\" data-element_type=\"column\" data-e-type=\"column\">\n\t\t\t<div class=\"elementor-widget-wrap elementor-element-populated\">\n\t\t\t\t\t\t<div class=\"elementor-element elementor-element-87ee620 elementor-widget elementor-widget-image\" data-id=\"87ee620\" data-element_type=\"widget\" data-e-type=\"widget\" data-widget_type=\"image.default\">\n\t\t\t\t<div class=\"elementor-widget-container\">\n\t\t\t\t\t\t\t\t\t\t\t\t\t\t\t<img fetchpriority=\"high\" decoding=\"async\" width=\"450\" height=\"600\" src=\"https:\/\/i0.wp.com\/stickers.fr\/autocollant\/wp-content\/uploads\/2020\/08\/autocollant-recto-verso-1.jpg?fit=450%2C600&ssl=1\" class=\"attachment-large size-large wp-image-426\" alt=\"vitrophanie stickers\" srcset=\"https:\/\/i0.wp.com\/stickers.fr\/autocollant\/wp-content\/uploads\/2020\/08\/autocollant-recto-verso-1.jpg?w=450&ssl=1 450w, https:\/\/i0.wp.com\/stickers.fr\/autocollant\/wp-content\/uploads\/2020\/08\/autocollant-recto-verso-1.jpg?resize=225%2C300&ssl=1 225w, https:\/\/i0.wp.com\/stickers.fr\/autocollant\/wp-content\/uploads\/2020\/08\/autocollant-recto-verso-1.jpg?resize=200%2C267&ssl=1 200w\" sizes=\"(max-width: 450px) 100vw, 450px\" \/>\t\t\t\t\t\t\t\t\t\t\t\t\t\t\t<\/div>\n\t\t\t\t<\/div>\n\t\t\t\t<div class=\"elementor-element elementor-element-23e1c1e elementor-widget elementor-widget-heading\" data-id=\"23e1c1e\" data-element_type=\"widget\" data-e-type=\"widget\" data-widget_type=\"heading.default\">\n\t\t\t\t<div class=\"elementor-widget-container\">\n\t\t\t\t\t<h2 class=\"elementor-heading-title elementor-size-medium\">INTERIEUR<\/h2>\t\t\t\t<\/div>\n\t\t\t\t<\/div>\n\t\t\t\t\t<\/div>\n\t\t<\/div>\n\t\t\t\t<div class=\"elementor-column elementor-col-50 elementor-inner-column elementor-element elementor-element-17bd475\" data-id=\"17bd475\" data-element_type=\"column\" data-e-type=\"column\">\n\t\t\t<div class=\"elementor-widget-wrap elementor-element-populated\">\n\t\t\t\t\t\t<div class=\"elementor-element elementor-element-b103ac4 elementor-widget elementor-widget-image\" data-id=\"b103ac4\" data-element_type=\"widget\" data-e-type=\"widget\" data-widget_type=\"image.default\">\n\t\t\t\t<div class=\"elementor-widget-container\">\n\t\t\t\t\t\t\t\t\t\t\t\t\t\t\t<img decoding=\"async\" width=\"450\" height=\"600\" src=\"https:\/\/i0.wp.com\/stickers.fr\/autocollant\/wp-content\/uploads\/2020\/08\/autocollant-recto-verso-2.jpg?fit=450%2C600&ssl=1\" class=\"attachment-large size-large wp-image-427\" alt=\"vitrophanie\" srcset=\"https:\/\/i0.wp.com\/stickers.fr\/autocollant\/wp-content\/uploads\/2020\/08\/autocollant-recto-verso-2.jpg?w=450&ssl=1 450w, https:\/\/i0.wp.com\/stickers.fr\/autocollant\/wp-content\/uploads\/2020\/08\/autocollant-recto-verso-2.jpg?resize=225%2C300&ssl=1 225w, https:\/\/i0.wp.com\/stickers.fr\/autocollant\/wp-content\/uploads\/2020\/08\/autocollant-recto-verso-2.jpg?resize=200%2C267&ssl=1 200w\" sizes=\"(max-width: 450px) 100vw, 450px\" \/>\t\t\t\t\t\t\t\t\t\t\t\t\t\t\t<\/div>\n\t\t\t\t<\/div>\n\t\t\t\t<div class=\"elementor-element elementor-element-babfe21 elementor-widget elementor-widget-heading\" data-id=\"babfe21\" data-element_type=\"widget\" data-e-type=\"widget\" data-widget_type=\"heading.default\">\n\t\t\t\t<div class=\"elementor-widget-container\">\n\t\t\t\t\t<h2 class=\"elementor-heading-title elementor-size-medium\">EXTERIEUR<\/h2>\t\t\t\t<\/div>\n\t\t\t\t<\/div>\n\t\t\t\t\t<\/div>\n\t\t<\/div>\n\t\t\t\t\t<\/div>\n\t\t<\/section>\n\t\t\t\t\t<\/div>\n\t\t<\/div>\n\t\t\t\t\t<\/div>\n\t\t<\/section>\n\t\t\t\t<section class=\"elementor-section elementor-top-section elementor-element elementor-element-8f87f51 elementor-section-boxed elementor-section-height-default elementor-section-height-default\" data-id=\"8f87f51\" data-element_type=\"section\" data-e-type=\"section\">\n\t\t\t\t\t\t<div class=\"elementor-container elementor-column-gap-default\">\n\t\t\t\t\t<div class=\"elementor-column elementor-col-100 elementor-top-column elementor-element elementor-element-8e5cfd1\" data-id=\"8e5cfd1\" data-element_type=\"column\" data-e-type=\"column\">\n\t\t\t<div class=\"elementor-widget-wrap elementor-element-populated\">\n\t\t\t\t\t\t<div class=\"elementor-element elementor-element-f732fde elementor-widget elementor-widget-text-editor\" data-id=\"f732fde\" data-element_type=\"widget\" data-e-type=\"widget\" data-widget_type=\"text-editor.default\">\n\t\t\t\t<div class=\"elementor-widget-container\">\n\t\t\t\t\t\t\t\t\t<p>Professionnels, vous pouvez demander des \u00e9chantillons<a href=\"https:\/\/stickers.fr\/autocollant\/index.php\/demande-dechantillons\/\" target=\"_self\">.<\/a><\/p>\t\t\t\t\t\t\t\t<\/div>\n\t\t\t\t<\/div>\n\t\t\t\t<div class=\"elementor-element elementor-element-cc1d0b6 elementor-align-center elementor-widget elementor-widget-button\" data-id=\"cc1d0b6\" data-element_type=\"widget\" data-e-type=\"widget\" data-widget_type=\"button.default\">\n\t\t\t\t<div class=\"elementor-widget-container\">\n\t\t\t\t\t\t\t\t\t<div class=\"elementor-button-wrapper\">\n\t\t\t\t\t<a class=\"elementor-button elementor-button-link elementor-size-sm elementor-animation-shrink\" href=\"https:\/\/stickers.fr\/autocollant\/index.php\/demande-dechantillons\/\">\n\t\t\t\t\t\t<span class=\"elementor-button-content-wrapper\">\n\t\t\t\t\t\t\t\t\t<span class=\"elementor-button-text\">Cliquez ici<\/span>\n\t\t\t\t\t<\/span>\n\t\t\t\t\t<\/a>\n\t\t\t\t<\/div>\n\t\t\t\t\t\t\t\t<\/div>\n\t\t\t\t<\/div>\n\t\t\t\t\t<\/div>\n\t\t<\/div>\n\t\t\t\t\t<\/div>\n\t\t<\/section>\n\t\t\t\t<\/div>\n\t\t","protected":false},"excerpt":{"rendered":"<p>L\u2019autocollants Recto-Verso est un sticker avec un message publicitaire de deux c\u00f4t\u00e9s de l\u2019adh\u00e9sif. Il se colle le plus souvent&nbsp;[&hellip;]<\/p>\n","protected":false},"author":1,"featured_media":0,"parent":244,"menu_order":0,"comment_status":"closed","ping_status":"closed","template":"","meta":{"footnotes":""},"class_list":["post-285","page","type-page","status-publish","hentry","post-item clearfix"],"yoast_head":"<!-- This site is optimized with the Yoast SEO plugin v27.5 - https:\/\/yoast.com\/product\/yoast-seo-wordpress\/ -->\n<title>Autocollants Recto-Verso - Stickers.fr<\/title>\n<meta name=\"description\" content=\"Nous sommes sp\u00e9cialis\u00e9s dans l\u2018impression d\u2019autocollants stickers et d&#039;autocollants Recto-Verso. Nous livrons dans toute l&#039;Europe.\" \/>\n<meta name=\"robots\" content=\"index, follow, max-snippet:-1, max-image-preview:large, max-video-preview:-1\" \/>\n<link rel=\"canonical\" href=\"https:\/\/stickers.fr\/autocollant\/index.php\/produits\/autocollants-recto-verso\/\" \/>\n<meta property=\"og:locale\" content=\"fr_FR\" \/>\n<meta property=\"og:type\" content=\"article\" \/>\n<meta property=\"og:title\" content=\"Autocollants Recto-Verso - Stickers.fr\" \/>\n<meta property=\"og:description\" content=\"Nous sommes sp\u00e9cialis\u00e9s dans l\u2018impression d\u2019autocollants stickers et d&#039;autocollants Recto-Verso. Nous livrons dans toute l&#039;Europe.\" \/>\n<meta property=\"og:url\" content=\"https:\/\/stickers.fr\/autocollant\/index.php\/produits\/autocollants-recto-verso\/\" \/>\n<meta property=\"og:site_name\" content=\"Autocollants et Stickers personnalis\u00e9s\" \/>\n<meta property=\"article:publisher\" content=\"https:\/\/www.facebook.com\/Stickersfr-751164974960802\" \/>\n<meta property=\"article:modified_time\" content=\"2023-08-30T12:34:02+00:00\" \/>\n<meta property=\"og:image\" content=\"https:\/\/stickers.fr\/autocollant\/wp-content\/uploads\/2020\/08\/autocollant-recto-verso-1.jpg\" \/>\n<meta name=\"twitter:card\" content=\"summary_large_image\" \/>\n<meta name=\"twitter:label1\" content=\"Dur\u00e9e de lecture estim\u00e9e\" \/>\n\t<meta name=\"twitter:data1\" content=\"1 minute\" \/>\n<script type=\"application\/ld+json\" class=\"yoast-schema-graph\">{\"@context\":\"https:\\\/\\\/schema.org\",\"@graph\":[{\"@type\":\"WebPage\",\"@id\":\"https:\\\/\\\/stickers.fr\\\/autocollant\\\/index.php\\\/produits\\\/autocollants-recto-verso\\\/\",\"url\":\"https:\\\/\\\/stickers.fr\\\/autocollant\\\/index.php\\\/produits\\\/autocollants-recto-verso\\\/\",\"name\":\"Autocollants Recto-Verso - Stickers.fr\",\"isPartOf\":{\"@id\":\"https:\\\/\\\/stickers.fr\\\/autocollant\\\/#website\"},\"primaryImageOfPage\":{\"@id\":\"https:\\\/\\\/stickers.fr\\\/autocollant\\\/index.php\\\/produits\\\/autocollants-recto-verso\\\/#primaryimage\"},\"image\":{\"@id\":\"https:\\\/\\\/stickers.fr\\\/autocollant\\\/index.php\\\/produits\\\/autocollants-recto-verso\\\/#primaryimage\"},\"thumbnailUrl\":\"https:\\\/\\\/stickers.fr\\\/autocollant\\\/wp-content\\\/uploads\\\/2020\\\/08\\\/autocollant-recto-verso-1.jpg\",\"datePublished\":\"2020-05-12T15:06:51+00:00\",\"dateModified\":\"2023-08-30T12:34:02+00:00\",\"description\":\"Nous sommes sp\u00e9cialis\u00e9s dans l\u2018impression d\u2019autocollants stickers et d'autocollants Recto-Verso. Nous livrons dans toute l'Europe.\",\"breadcrumb\":{\"@id\":\"https:\\\/\\\/stickers.fr\\\/autocollant\\\/index.php\\\/produits\\\/autocollants-recto-verso\\\/#breadcrumb\"},\"inLanguage\":\"fr-FR\",\"potentialAction\":[{\"@type\":\"ReadAction\",\"target\":[\"https:\\\/\\\/stickers.fr\\\/autocollant\\\/index.php\\\/produits\\\/autocollants-recto-verso\\\/\"]}]},{\"@type\":\"ImageObject\",\"inLanguage\":\"fr-FR\",\"@id\":\"https:\\\/\\\/stickers.fr\\\/autocollant\\\/index.php\\\/produits\\\/autocollants-recto-verso\\\/#primaryimage\",\"url\":\"https:\\\/\\\/i0.wp.com\\\/stickers.fr\\\/autocollant\\\/wp-content\\\/uploads\\\/2020\\\/08\\\/autocollant-recto-verso-1.jpg?fit=450%2C600&ssl=1\",\"contentUrl\":\"https:\\\/\\\/i0.wp.com\\\/stickers.fr\\\/autocollant\\\/wp-content\\\/uploads\\\/2020\\\/08\\\/autocollant-recto-verso-1.jpg?fit=450%2C600&ssl=1\",\"width\":450,\"height\":600,\"caption\":\"vitrophanie stickers\"},{\"@type\":\"BreadcrumbList\",\"@id\":\"https:\\\/\\\/stickers.fr\\\/autocollant\\\/index.php\\\/produits\\\/autocollants-recto-verso\\\/#breadcrumb\",\"itemListElement\":[{\"@type\":\"ListItem\",\"position\":1,\"name\":\"Accueil\",\"item\":\"https:\\\/\\\/stickers.fr\\\/autocollant\\\/\"},{\"@type\":\"ListItem\",\"position\":2,\"name\":\"Produits\",\"item\":\"https:\\\/\\\/stickers.fr\\\/autocollant\\\/index.php\\\/produits\\\/\"},{\"@type\":\"ListItem\",\"position\":3,\"name\":\"Autocollants Recto-Verso\"}]},{\"@type\":\"WebSite\",\"@id\":\"https:\\\/\\\/stickers.fr\\\/autocollant\\\/#website\",\"url\":\"https:\\\/\\\/stickers.fr\\\/autocollant\\\/\",\"name\":\"Stickers et Autocollants personnalis\u00e9s\",\"description\":\"Le sp\u00e9cialiste Autocollants et Stickers personnalis\u00e9s sur internet\",\"publisher\":{\"@id\":\"https:\\\/\\\/stickers.fr\\\/autocollant\\\/#organization\"},\"potentialAction\":[{\"@type\":\"SearchAction\",\"target\":{\"@type\":\"EntryPoint\",\"urlTemplate\":\"https:\\\/\\\/stickers.fr\\\/autocollant\\\/?s={search_term_string}\"},\"query-input\":{\"@type\":\"PropertyValueSpecification\",\"valueRequired\":true,\"valueName\":\"search_term_string\"}}],\"inLanguage\":\"fr-FR\"},{\"@type\":\"Organization\",\"@id\":\"https:\\\/\\\/stickers.fr\\\/autocollant\\\/#organization\",\"name\":\"STICKERS.FR\",\"url\":\"https:\\\/\\\/stickers.fr\\\/autocollant\\\/\",\"logo\":{\"@type\":\"ImageObject\",\"inLanguage\":\"fr-FR\",\"@id\":\"https:\\\/\\\/stickers.fr\\\/autocollant\\\/#\\\/schema\\\/logo\\\/image\\\/\",\"url\":\"https:\\\/\\\/stickers.fr\\\/autocollant\\\/wp-content\\\/uploads\\\/2020\\\/05\\\/logo-2020-3.png\",\"contentUrl\":\"https:\\\/\\\/stickers.fr\\\/autocollant\\\/wp-content\\\/uploads\\\/2020\\\/05\\\/logo-2020-3.png\",\"width\":158,\"height\":149,\"caption\":\"STICKERS.FR\"},\"image\":{\"@id\":\"https:\\\/\\\/stickers.fr\\\/autocollant\\\/#\\\/schema\\\/logo\\\/image\\\/\"},\"sameAs\":[\"https:\\\/\\\/www.facebook.com\\\/Stickersfr-751164974960802\"]}]}<\/script>\n<!-- \/ Yoast SEO plugin. -->","yoast_head_json":{"title":"Autocollants Recto-Verso - Stickers.fr","description":"Nous sommes sp\u00e9cialis\u00e9s dans l\u2018impression d\u2019autocollants stickers et d'autocollants Recto-Verso. Nous livrons dans toute l'Europe.","robots":{"index":"index","follow":"follow","max-snippet":"max-snippet:-1","max-image-preview":"max-image-preview:large","max-video-preview":"max-video-preview:-1"},"canonical":"https:\/\/stickers.fr\/autocollant\/index.php\/produits\/autocollants-recto-verso\/","og_locale":"fr_FR","og_type":"article","og_title":"Autocollants Recto-Verso - Stickers.fr","og_description":"Nous sommes sp\u00e9cialis\u00e9s dans l\u2018impression d\u2019autocollants stickers et d'autocollants Recto-Verso. Nous livrons dans toute l'Europe.","og_url":"https:\/\/stickers.fr\/autocollant\/index.php\/produits\/autocollants-recto-verso\/","og_site_name":"Autocollants et Stickers personnalis\u00e9s","article_publisher":"https:\/\/www.facebook.com\/Stickersfr-751164974960802","article_modified_time":"2023-08-30T12:34:02+00:00","og_image":[{"url":"https:\/\/stickers.fr\/autocollant\/wp-content\/uploads\/2020\/08\/autocollant-recto-verso-1.jpg","type":"","width":"","height":""}],"twitter_card":"summary_large_image","twitter_misc":{"Dur\u00e9e de lecture estim\u00e9e":"1 minute"},"schema":{"@context":"https:\/\/schema.org","@graph":[{"@type":"WebPage","@id":"https:\/\/stickers.fr\/autocollant\/index.php\/produits\/autocollants-recto-verso\/","url":"https:\/\/stickers.fr\/autocollant\/index.php\/produits\/autocollants-recto-verso\/","name":"Autocollants Recto-Verso - Stickers.fr","isPartOf":{"@id":"https:\/\/stickers.fr\/autocollant\/#website"},"primaryImageOfPage":{"@id":"https:\/\/stickers.fr\/autocollant\/index.php\/produits\/autocollants-recto-verso\/#primaryimage"},"image":{"@id":"https:\/\/stickers.fr\/autocollant\/index.php\/produits\/autocollants-recto-verso\/#primaryimage"},"thumbnailUrl":"https:\/\/stickers.fr\/autocollant\/wp-content\/uploads\/2020\/08\/autocollant-recto-verso-1.jpg","datePublished":"2020-05-12T15:06:51+00:00","dateModified":"2023-08-30T12:34:02+00:00","description":"Nous sommes sp\u00e9cialis\u00e9s dans l\u2018impression d\u2019autocollants stickers et d'autocollants Recto-Verso. Nous livrons dans toute l'Europe.","breadcrumb":{"@id":"https:\/\/stickers.fr\/autocollant\/index.php\/produits\/autocollants-recto-verso\/#breadcrumb"},"inLanguage":"fr-FR","potentialAction":[{"@type":"ReadAction","target":["https:\/\/stickers.fr\/autocollant\/index.php\/produits\/autocollants-recto-verso\/"]}]},{"@type":"ImageObject","inLanguage":"fr-FR","@id":"https:\/\/stickers.fr\/autocollant\/index.php\/produits\/autocollants-recto-verso\/#primaryimage","url":"https:\/\/i0.wp.com\/stickers.fr\/autocollant\/wp-content\/uploads\/2020\/08\/autocollant-recto-verso-1.jpg?fit=450%2C600&ssl=1","contentUrl":"https:\/\/i0.wp.com\/stickers.fr\/autocollant\/wp-content\/uploads\/2020\/08\/autocollant-recto-verso-1.jpg?fit=450%2C600&ssl=1","width":450,"height":600,"caption":"vitrophanie stickers"},{"@type":"BreadcrumbList","@id":"https:\/\/stickers.fr\/autocollant\/index.php\/produits\/autocollants-recto-verso\/#breadcrumb","itemListElement":[{"@type":"ListItem","position":1,"name":"Accueil","item":"https:\/\/stickers.fr\/autocollant\/"},{"@type":"ListItem","position":2,"name":"Produits","item":"https:\/\/stickers.fr\/autocollant\/index.php\/produits\/"},{"@type":"ListItem","position":3,"name":"Autocollants Recto-Verso"}]},{"@type":"WebSite","@id":"https:\/\/stickers.fr\/autocollant\/#website","url":"https:\/\/stickers.fr\/autocollant\/","name":"Stickers et Autocollants personnalis\u00e9s","description":"Le sp\u00e9cialiste Autocollants et Stickers personnalis\u00e9s sur internet","publisher":{"@id":"https:\/\/stickers.fr\/autocollant\/#organization"},"potentialAction":[{"@type":"SearchAction","target":{"@type":"EntryPoint","urlTemplate":"https:\/\/stickers.fr\/autocollant\/?s={search_term_string}"},"query-input":{"@type":"PropertyValueSpecification","valueRequired":true,"valueName":"search_term_string"}}],"inLanguage":"fr-FR"},{"@type":"Organization","@id":"https:\/\/stickers.fr\/autocollant\/#organization","name":"STICKERS.FR","url":"https:\/\/stickers.fr\/autocollant\/","logo":{"@type":"ImageObject","inLanguage":"fr-FR","@id":"https:\/\/stickers.fr\/autocollant\/#\/schema\/logo\/image\/","url":"https:\/\/stickers.fr\/autocollant\/wp-content\/uploads\/2020\/05\/logo-2020-3.png","contentUrl":"https:\/\/stickers.fr\/autocollant\/wp-content\/uploads\/2020\/05\/logo-2020-3.png","width":158,"height":149,"caption":"STICKERS.FR"},"image":{"@id":"https:\/\/stickers.fr\/autocollant\/#\/schema\/logo\/image\/"},"sameAs":["https:\/\/www.facebook.com\/Stickersfr-751164974960802"]}]}},"jetpack_sharing_enabled":true,"_links":{"self":[{"href":"https:\/\/stickers.fr\/autocollant\/index.php\/wp-json\/wp\/v2\/pages\/285","targetHints":{"allow":["GET"]}}],"collection":[{"href":"https:\/\/stickers.fr\/autocollant\/index.php\/wp-json\/wp\/v2\/pages"}],"about":[{"href":"https:\/\/stickers.fr\/autocollant\/index.php\/wp-json\/wp\/v2\/types\/page"}],"author":[{"embeddable":true,"href":"https:\/\/stickers.fr\/autocollant\/index.php\/wp-json\/wp\/v2\/users\/1"}],"replies":[{"embeddable":true,"href":"https:\/\/stickers.fr\/autocollant\/index.php\/wp-json\/wp\/v2\/comments?post=285"}],"version-history":[{"count":8,"href":"https:\/\/stickers.fr\/autocollant\/index.php\/wp-json\/wp\/v2\/pages\/285\/revisions"}],"predecessor-version":[{"id":1596,"href":"https:\/\/stickers.fr\/autocollant\/index.php\/wp-json\/wp\/v2\/pages\/285\/revisions\/1596"}],"up":[{"embeddable":true,"href":"https:\/\/stickers.fr\/autocollant\/index.php\/wp-json\/wp\/v2\/pages\/244"}],"wp:attachment":[{"href":"https:\/\/stickers.fr\/autocollant\/index.php\/wp-json\/wp\/v2\/media?parent=285"}],"curies":[{"name":"wp","href":"https:\/\/api.w.org\/{rel}","templated":true}]}}