{"id":289,"date":"2020-05-12T17:07:17","date_gmt":"2020-05-12T15:07:17","guid":{"rendered":"https:\/\/stickers.fr\/autocollant\/?page_id=289"},"modified":"2023-08-30T14:33:59","modified_gmt":"2023-08-30T12:33:59","slug":"donnees-variables","status":"publish","type":"page","link":"https:\/\/stickers.fr\/autocollant\/index.php\/produits\/donnees-variables\/","title":{"rendered":"Donn\u00e9es variables"},"content":{"rendered":"\t\t<div data-elementor-type=\"wp-page\" data-elementor-id=\"289\" class=\"elementor elementor-289\">\n\t\t\t\t\t\t<section class=\"elementor-section elementor-top-section elementor-element elementor-element-3d66168 elementor-section-boxed elementor-section-height-default elementor-section-height-default\" data-id=\"3d66168\" data-element_type=\"section\" data-e-type=\"section\">\n\t\t\t\t\t\t<div class=\"elementor-container elementor-column-gap-default\">\n\t\t\t\t\t<div class=\"elementor-column elementor-col-100 elementor-top-column elementor-element elementor-element-e4feb12\" data-id=\"e4feb12\" data-element_type=\"column\" data-e-type=\"column\">\n\t\t\t<div class=\"elementor-widget-wrap elementor-element-populated\">\n\t\t\t\t\t\t<div class=\"elementor-element elementor-element-c02ba43 elementor-widget elementor-widget-text-editor\" data-id=\"c02ba43\" data-element_type=\"widget\" data-e-type=\"widget\" data-widget_type=\"text-editor.default\">\n\t\t\t\t<div class=\"elementor-widget-container\">\n\t\t\t\t\t\t\t\t\t<h4>Nous disposons d\u2019un logiciel qui nous permet d\u2019imprimer des stickers contenant des donn\u00e9es variables (num\u00e9ros, textes, images, codes-barres, qr codes \u2026) \u00e0 partir d\u2019un fichier excel fourni par le client.<\/h4>\t\t\t\t\t\t\t\t<\/div>\n\t\t\t\t<\/div>\n\t\t\t\t<div class=\"elementor-element elementor-element-c010f3c elementor-widget elementor-widget-image\" data-id=\"c010f3c\" data-element_type=\"widget\" data-e-type=\"widget\" data-widget_type=\"image.default\">\n\t\t\t\t<div class=\"elementor-widget-container\">\n\t\t\t\t\t\t\t\t\t\t\t\t\t\t\t<img fetchpriority=\"high\" decoding=\"async\" width=\"500\" height=\"500\" src=\"https:\/\/i0.wp.com\/stickers.fr\/autocollant\/wp-content\/uploads\/2020\/08\/stickers_numerotes-1.png?fit=500%2C500&ssl=1\" class=\"attachment-large size-large wp-image-480\" alt=\"autocollant donnees variable\" srcset=\"https:\/\/i0.wp.com\/stickers.fr\/autocollant\/wp-content\/uploads\/2020\/08\/stickers_numerotes-1.png?w=500&ssl=1 500w, https:\/\/i0.wp.com\/stickers.fr\/autocollant\/wp-content\/uploads\/2020\/08\/stickers_numerotes-1.png?resize=300%2C300&ssl=1 300w, https:\/\/i0.wp.com\/stickers.fr\/autocollant\/wp-content\/uploads\/2020\/08\/stickers_numerotes-1.png?resize=150%2C150&ssl=1 150w, https:\/\/i0.wp.com\/stickers.fr\/autocollant\/wp-content\/uploads\/2020\/08\/stickers_numerotes-1.png?resize=200%2C200&ssl=1 200w, https:\/\/i0.wp.com\/stickers.fr\/autocollant\/wp-content\/uploads\/2020\/08\/stickers_numerotes-1.png?resize=280%2C280&ssl=1 280w\" sizes=\"(max-width: 500px) 100vw, 500px\" \/>\t\t\t\t\t\t\t\t\t\t\t\t\t\t\t<\/div>\n\t\t\t\t<\/div>\n\t\t\t\t\t<\/div>\n\t\t<\/div>\n\t\t\t\t\t<\/div>\n\t\t<\/section>\n\t\t\t\t<section class=\"elementor-section elementor-top-section elementor-element elementor-element-106857b elementor-section-boxed elementor-section-height-default elementor-section-height-default\" data-id=\"106857b\" data-element_type=\"section\" data-e-type=\"section\">\n\t\t\t\t\t\t<div class=\"elementor-container elementor-column-gap-default\">\n\t\t\t\t\t<div class=\"elementor-column elementor-col-100 elementor-top-column elementor-element elementor-element-05cc6c3\" data-id=\"05cc6c3\" data-element_type=\"column\" data-e-type=\"column\">\n\t\t\t<div class=\"elementor-widget-wrap elementor-element-populated\">\n\t\t\t\t\t\t<div class=\"elementor-element elementor-element-7a7a74d elementor-widget elementor-widget-text-editor\" data-id=\"7a7a74d\" data-element_type=\"widget\" data-e-type=\"widget\" data-widget_type=\"text-editor.default\">\n\t\t\t\t<div class=\"elementor-widget-container\">\n\t\t\t\t\t\t\t\t\t<p>Professionnels, vous pouvez demander des \u00e9chantillons<a href=\"https:\/\/stickers.fr\/autocollant\/index.php\/demande-dechantillons\/\" target=\"_self\">.<\/a><\/p>\t\t\t\t\t\t\t\t<\/div>\n\t\t\t\t<\/div>\n\t\t\t\t<div class=\"elementor-element elementor-element-629ed63 elementor-align-center elementor-widget elementor-widget-button\" data-id=\"629ed63\" data-element_type=\"widget\" data-e-type=\"widget\" data-widget_type=\"button.default\">\n\t\t\t\t<div class=\"elementor-widget-container\">\n\t\t\t\t\t\t\t\t\t<div class=\"elementor-button-wrapper\">\n\t\t\t\t\t<a class=\"elementor-button elementor-button-link elementor-size-sm elementor-animation-shrink\" href=\"https:\/\/stickers.fr\/autocollant\/index.php\/demande-dechantillons\/\">\n\t\t\t\t\t\t<span class=\"elementor-button-content-wrapper\">\n\t\t\t\t\t\t\t\t\t<span class=\"elementor-button-text\">Cliquez ici<\/span>\n\t\t\t\t\t<\/span>\n\t\t\t\t\t<\/a>\n\t\t\t\t<\/div>\n\t\t\t\t\t\t\t\t<\/div>\n\t\t\t\t<\/div>\n\t\t\t\t\t<\/div>\n\t\t<\/div>\n\t\t\t\t\t<\/div>\n\t\t<\/section>\n\t\t\t\t<\/div>\n\t\t","protected":false},"excerpt":{"rendered":"<p>Nous disposons d\u2019un logiciel qui nous permet d\u2019imprimer des stickers contenant des donn\u00e9es variables (num\u00e9ros, textes, images, codes-barres, qr codes&nbsp;[&hellip;]<\/p>\n","protected":false},"author":1,"featured_media":0,"parent":244,"menu_order":0,"comment_status":"closed","ping_status":"closed","template":"","meta":{"footnotes":""},"class_list":["post-289","page","type-page","status-publish","hentry","post-item clearfix"],"yoast_head":"<!-- This site is optimized with the Yoast SEO plugin v27.5 - https:\/\/yoast.com\/product\/yoast-seo-wordpress\/ -->\n<title>Stickers.fr - Autocollants et Stickers personnalis\u00e9s<\/title>\n<meta name=\"description\" content=\"Nous sommes sp\u00e9cialis\u00e9s dans l\u2018impression d\u2019autocollants stickers et travaillons avec nos prescripteurs dans tous les coins de la France voire l\u2019Europe.\" \/>\n<meta name=\"robots\" content=\"index, follow, max-snippet:-1, max-image-preview:large, max-video-preview:-1\" \/>\n<link rel=\"canonical\" href=\"https:\/\/stickers.fr\/autocollant\/index.php\/produits\/donnees-variables\/\" \/>\n<meta property=\"og:locale\" content=\"fr_FR\" \/>\n<meta property=\"og:type\" content=\"article\" \/>\n<meta property=\"og:title\" content=\"Stickers.fr - Autocollants et Stickers personnalis\u00e9s\" \/>\n<meta property=\"og:description\" content=\"Nous sommes sp\u00e9cialis\u00e9s dans l\u2018impression d\u2019autocollants stickers et travaillons avec nos prescripteurs dans tous les coins de la France voire l\u2019Europe.\" \/>\n<meta property=\"og:url\" content=\"https:\/\/stickers.fr\/autocollant\/index.php\/produits\/donnees-variables\/\" \/>\n<meta property=\"og:site_name\" content=\"Autocollants et Stickers personnalis\u00e9s\" \/>\n<meta property=\"article:publisher\" content=\"https:\/\/www.facebook.com\/Stickersfr-751164974960802\" \/>\n<meta property=\"article:modified_time\" content=\"2023-08-30T12:33:59+00:00\" \/>\n<meta property=\"og:image\" content=\"https:\/\/stickers.fr\/autocollant\/wp-content\/uploads\/2020\/08\/stickers_numerotes-1.png\" \/>\n<meta name=\"twitter:card\" content=\"summary_large_image\" \/>\n<script type=\"application\/ld+json\" class=\"yoast-schema-graph\">{\"@context\":\"https:\\\/\\\/schema.org\",\"@graph\":[{\"@type\":\"WebPage\",\"@id\":\"https:\\\/\\\/stickers.fr\\\/autocollant\\\/index.php\\\/produits\\\/donnees-variables\\\/\",\"url\":\"https:\\\/\\\/stickers.fr\\\/autocollant\\\/index.php\\\/produits\\\/donnees-variables\\\/\",\"name\":\"Stickers.fr - Autocollants et Stickers personnalis\u00e9s\",\"isPartOf\":{\"@id\":\"https:\\\/\\\/stickers.fr\\\/autocollant\\\/#website\"},\"primaryImageOfPage\":{\"@id\":\"https:\\\/\\\/stickers.fr\\\/autocollant\\\/index.php\\\/produits\\\/donnees-variables\\\/#primaryimage\"},\"image\":{\"@id\":\"https:\\\/\\\/stickers.fr\\\/autocollant\\\/index.php\\\/produits\\\/donnees-variables\\\/#primaryimage\"},\"thumbnailUrl\":\"https:\\\/\\\/stickers.fr\\\/autocollant\\\/wp-content\\\/uploads\\\/2020\\\/08\\\/stickers_numerotes-1.png\",\"datePublished\":\"2020-05-12T15:07:17+00:00\",\"dateModified\":\"2023-08-30T12:33:59+00:00\",\"description\":\"Nous sommes sp\u00e9cialis\u00e9s dans l\u2018impression d\u2019autocollants stickers et travaillons avec nos prescripteurs dans tous les coins de la France voire l\u2019Europe.\",\"breadcrumb\":{\"@id\":\"https:\\\/\\\/stickers.fr\\\/autocollant\\\/index.php\\\/produits\\\/donnees-variables\\\/#breadcrumb\"},\"inLanguage\":\"fr-FR\",\"potentialAction\":[{\"@type\":\"ReadAction\",\"target\":[\"https:\\\/\\\/stickers.fr\\\/autocollant\\\/index.php\\\/produits\\\/donnees-variables\\\/\"]}]},{\"@type\":\"ImageObject\",\"inLanguage\":\"fr-FR\",\"@id\":\"https:\\\/\\\/stickers.fr\\\/autocollant\\\/index.php\\\/produits\\\/donnees-variables\\\/#primaryimage\",\"url\":\"https:\\\/\\\/i0.wp.com\\\/stickers.fr\\\/autocollant\\\/wp-content\\\/uploads\\\/2020\\\/08\\\/stickers_numerotes-1.png?fit=500%2C500&ssl=1\",\"contentUrl\":\"https:\\\/\\\/i0.wp.com\\\/stickers.fr\\\/autocollant\\\/wp-content\\\/uploads\\\/2020\\\/08\\\/stickers_numerotes-1.png?fit=500%2C500&ssl=1\",\"width\":500,\"height\":500,\"caption\":\"autocollant donnees variable\"},{\"@type\":\"BreadcrumbList\",\"@id\":\"https:\\\/\\\/stickers.fr\\\/autocollant\\\/index.php\\\/produits\\\/donnees-variables\\\/#breadcrumb\",\"itemListElement\":[{\"@type\":\"ListItem\",\"position\":1,\"name\":\"Accueil\",\"item\":\"https:\\\/\\\/stickers.fr\\\/autocollant\\\/\"},{\"@type\":\"ListItem\",\"position\":2,\"name\":\"Produits\",\"item\":\"https:\\\/\\\/stickers.fr\\\/autocollant\\\/index.php\\\/produits\\\/\"},{\"@type\":\"ListItem\",\"position\":3,\"name\":\"Donn\u00e9es variables\"}]},{\"@type\":\"WebSite\",\"@id\":\"https:\\\/\\\/stickers.fr\\\/autocollant\\\/#website\",\"url\":\"https:\\\/\\\/stickers.fr\\\/autocollant\\\/\",\"name\":\"Stickers et Autocollants personnalis\u00e9s\",\"description\":\"Le sp\u00e9cialiste Autocollants et Stickers personnalis\u00e9s sur internet\",\"publisher\":{\"@id\":\"https:\\\/\\\/stickers.fr\\\/autocollant\\\/#organization\"},\"potentialAction\":[{\"@type\":\"SearchAction\",\"target\":{\"@type\":\"EntryPoint\",\"urlTemplate\":\"https:\\\/\\\/stickers.fr\\\/autocollant\\\/?s={search_term_string}\"},\"query-input\":{\"@type\":\"PropertyValueSpecification\",\"valueRequired\":true,\"valueName\":\"search_term_string\"}}],\"inLanguage\":\"fr-FR\"},{\"@type\":\"Organization\",\"@id\":\"https:\\\/\\\/stickers.fr\\\/autocollant\\\/#organization\",\"name\":\"STICKERS.FR\",\"url\":\"https:\\\/\\\/stickers.fr\\\/autocollant\\\/\",\"logo\":{\"@type\":\"ImageObject\",\"inLanguage\":\"fr-FR\",\"@id\":\"https:\\\/\\\/stickers.fr\\\/autocollant\\\/#\\\/schema\\\/logo\\\/image\\\/\",\"url\":\"https:\\\/\\\/stickers.fr\\\/autocollant\\\/wp-content\\\/uploads\\\/2020\\\/05\\\/logo-2020-3.png\",\"contentUrl\":\"https:\\\/\\\/stickers.fr\\\/autocollant\\\/wp-content\\\/uploads\\\/2020\\\/05\\\/logo-2020-3.png\",\"width\":158,\"height\":149,\"caption\":\"STICKERS.FR\"},\"image\":{\"@id\":\"https:\\\/\\\/stickers.fr\\\/autocollant\\\/#\\\/schema\\\/logo\\\/image\\\/\"},\"sameAs\":[\"https:\\\/\\\/www.facebook.com\\\/Stickersfr-751164974960802\"]}]}<\/script>\n<!-- \/ Yoast SEO plugin. -->","yoast_head_json":{"title":"Stickers.fr - Autocollants et Stickers personnalis\u00e9s","description":"Nous sommes sp\u00e9cialis\u00e9s dans l\u2018impression d\u2019autocollants stickers et travaillons avec nos prescripteurs dans tous les coins de la France voire l\u2019Europe.","robots":{"index":"index","follow":"follow","max-snippet":"max-snippet:-1","max-image-preview":"max-image-preview:large","max-video-preview":"max-video-preview:-1"},"canonical":"https:\/\/stickers.fr\/autocollant\/index.php\/produits\/donnees-variables\/","og_locale":"fr_FR","og_type":"article","og_title":"Stickers.fr - Autocollants et Stickers personnalis\u00e9s","og_description":"Nous sommes sp\u00e9cialis\u00e9s dans l\u2018impression d\u2019autocollants stickers et travaillons avec nos prescripteurs dans tous les coins de la France voire l\u2019Europe.","og_url":"https:\/\/stickers.fr\/autocollant\/index.php\/produits\/donnees-variables\/","og_site_name":"Autocollants et Stickers personnalis\u00e9s","article_publisher":"https:\/\/www.facebook.com\/Stickersfr-751164974960802","article_modified_time":"2023-08-30T12:33:59+00:00","og_image":[{"url":"https:\/\/stickers.fr\/autocollant\/wp-content\/uploads\/2020\/08\/stickers_numerotes-1.png","type":"","width":"","height":""}],"twitter_card":"summary_large_image","schema":{"@context":"https:\/\/schema.org","@graph":[{"@type":"WebPage","@id":"https:\/\/stickers.fr\/autocollant\/index.php\/produits\/donnees-variables\/","url":"https:\/\/stickers.fr\/autocollant\/index.php\/produits\/donnees-variables\/","name":"Stickers.fr - Autocollants et Stickers personnalis\u00e9s","isPartOf":{"@id":"https:\/\/stickers.fr\/autocollant\/#website"},"primaryImageOfPage":{"@id":"https:\/\/stickers.fr\/autocollant\/index.php\/produits\/donnees-variables\/#primaryimage"},"image":{"@id":"https:\/\/stickers.fr\/autocollant\/index.php\/produits\/donnees-variables\/#primaryimage"},"thumbnailUrl":"https:\/\/stickers.fr\/autocollant\/wp-content\/uploads\/2020\/08\/stickers_numerotes-1.png","datePublished":"2020-05-12T15:07:17+00:00","dateModified":"2023-08-30T12:33:59+00:00","description":"Nous sommes sp\u00e9cialis\u00e9s dans l\u2018impression d\u2019autocollants stickers et travaillons avec nos prescripteurs dans tous les coins de la France voire l\u2019Europe.","breadcrumb":{"@id":"https:\/\/stickers.fr\/autocollant\/index.php\/produits\/donnees-variables\/#breadcrumb"},"inLanguage":"fr-FR","potentialAction":[{"@type":"ReadAction","target":["https:\/\/stickers.fr\/autocollant\/index.php\/produits\/donnees-variables\/"]}]},{"@type":"ImageObject","inLanguage":"fr-FR","@id":"https:\/\/stickers.fr\/autocollant\/index.php\/produits\/donnees-variables\/#primaryimage","url":"https:\/\/i0.wp.com\/stickers.fr\/autocollant\/wp-content\/uploads\/2020\/08\/stickers_numerotes-1.png?fit=500%2C500&ssl=1","contentUrl":"https:\/\/i0.wp.com\/stickers.fr\/autocollant\/wp-content\/uploads\/2020\/08\/stickers_numerotes-1.png?fit=500%2C500&ssl=1","width":500,"height":500,"caption":"autocollant donnees variable"},{"@type":"BreadcrumbList","@id":"https:\/\/stickers.fr\/autocollant\/index.php\/produits\/donnees-variables\/#breadcrumb","itemListElement":[{"@type":"ListItem","position":1,"name":"Accueil","item":"https:\/\/stickers.fr\/autocollant\/"},{"@type":"ListItem","position":2,"name":"Produits","item":"https:\/\/stickers.fr\/autocollant\/index.php\/produits\/"},{"@type":"ListItem","position":3,"name":"Donn\u00e9es variables"}]},{"@type":"WebSite","@id":"https:\/\/stickers.fr\/autocollant\/#website","url":"https:\/\/stickers.fr\/autocollant\/","name":"Stickers et Autocollants personnalis\u00e9s","description":"Le sp\u00e9cialiste Autocollants et Stickers personnalis\u00e9s sur internet","publisher":{"@id":"https:\/\/stickers.fr\/autocollant\/#organization"},"potentialAction":[{"@type":"SearchAction","target":{"@type":"EntryPoint","urlTemplate":"https:\/\/stickers.fr\/autocollant\/?s={search_term_string}"},"query-input":{"@type":"PropertyValueSpecification","valueRequired":true,"valueName":"search_term_string"}}],"inLanguage":"fr-FR"},{"@type":"Organization","@id":"https:\/\/stickers.fr\/autocollant\/#organization","name":"STICKERS.FR","url":"https:\/\/stickers.fr\/autocollant\/","logo":{"@type":"ImageObject","inLanguage":"fr-FR","@id":"https:\/\/stickers.fr\/autocollant\/#\/schema\/logo\/image\/","url":"https:\/\/stickers.fr\/autocollant\/wp-content\/uploads\/2020\/05\/logo-2020-3.png","contentUrl":"https:\/\/stickers.fr\/autocollant\/wp-content\/uploads\/2020\/05\/logo-2020-3.png","width":158,"height":149,"caption":"STICKERS.FR"},"image":{"@id":"https:\/\/stickers.fr\/autocollant\/#\/schema\/logo\/image\/"},"sameAs":["https:\/\/www.facebook.com\/Stickersfr-751164974960802"]}]}},"jetpack_sharing_enabled":true,"_links":{"self":[{"href":"https:\/\/stickers.fr\/autocollant\/index.php\/wp-json\/wp\/v2\/pages\/289","targetHints":{"allow":["GET"]}}],"collection":[{"href":"https:\/\/stickers.fr\/autocollant\/index.php\/wp-json\/wp\/v2\/pages"}],"about":[{"href":"https:\/\/stickers.fr\/autocollant\/index.php\/wp-json\/wp\/v2\/types\/page"}],"author":[{"embeddable":true,"href":"https:\/\/stickers.fr\/autocollant\/index.php\/wp-json\/wp\/v2\/users\/1"}],"replies":[{"embeddable":true,"href":"https:\/\/stickers.fr\/autocollant\/index.php\/wp-json\/wp\/v2\/comments?post=289"}],"version-history":[{"count":1,"href":"https:\/\/stickers.fr\/autocollant\/index.php\/wp-json\/wp\/v2\/pages\/289\/revisions"}],"predecessor-version":[{"id":1582,"href":"https:\/\/stickers.fr\/autocollant\/index.php\/wp-json\/wp\/v2\/pages\/289\/revisions\/1582"}],"up":[{"embeddable":true,"href":"https:\/\/stickers.fr\/autocollant\/index.php\/wp-json\/wp\/v2\/pages\/244"}],"wp:attachment":[{"href":"https:\/\/stickers.fr\/autocollant\/index.php\/wp-json\/wp\/v2\/media?parent=289"}],"curies":[{"name":"wp","href":"https:\/\/api.w.org\/{rel}","templated":true}]}}