{"id":295,"date":"2020-05-12T17:07:54","date_gmt":"2020-05-12T15:07:54","guid":{"rendered":"https:\/\/stickers.fr\/autocollant\/?page_id=295"},"modified":"2025-04-13T11:26:25","modified_gmt":"2025-04-13T09:26:25","slug":"decoupe","status":"publish","type":"page","link":"https:\/\/stickers.fr\/autocollant\/index.php\/produits\/decoupe\/","title":{"rendered":"D\u00e9coupe"},"content":{"rendered":"\t\t<div data-elementor-type=\"wp-page\" data-elementor-id=\"295\" class=\"elementor elementor-295\">\n\t\t\t\t\t\t<section class=\"elementor-section elementor-top-section elementor-element elementor-element-dd64e01 elementor-section-boxed elementor-section-height-default elementor-section-height-default\" data-id=\"dd64e01\" data-element_type=\"section\" data-e-type=\"section\">\n\t\t\t\t\t\t<div class=\"elementor-container elementor-column-gap-default\">\n\t\t\t\t\t<div class=\"elementor-column elementor-col-100 elementor-top-column elementor-element elementor-element-5ed3560\" data-id=\"5ed3560\" data-element_type=\"column\" data-e-type=\"column\">\n\t\t\t<div class=\"elementor-widget-wrap elementor-element-populated\">\n\t\t\t\t\t\t<section class=\"elementor-section elementor-inner-section elementor-element elementor-element-2419874 elementor-section-boxed elementor-section-height-default elementor-section-height-default\" data-id=\"2419874\" data-element_type=\"section\" data-e-type=\"section\">\n\t\t\t\t\t\t<div class=\"elementor-container elementor-column-gap-default\">\n\t\t\t\t\t<div class=\"elementor-column elementor-col-50 elementor-inner-column elementor-element elementor-element-734ebe1\" data-id=\"734ebe1\" data-element_type=\"column\" data-e-type=\"column\">\n\t\t\t<div class=\"elementor-widget-wrap elementor-element-populated\">\n\t\t\t\t\t\t<div class=\"elementor-element elementor-element-509aada elementor-widget elementor-widget-text-editor\" data-id=\"509aada\" data-element_type=\"widget\" data-e-type=\"widget\" data-widget_type=\"text-editor.default\">\n\t\t\t\t<div class=\"elementor-widget-container\">\n\t\t\t\t\t\t\t\t\t<p>La d\u00e9coupe de vinyle adh\u00e9sif contrairement \u00e0 l\u2019impression, se fait dans du vinyle teint\u00e9 dans la masse. On obtient des formes (images, lettres, logos, etc\u2026) monochromes, contrairement \u00e0 l\u2019impression qui permet des d\u00e9grad\u00e9s et des m\u00e9langes de couleurs \u00e0 l\u2019infini.<\/p><p>La long\u00e9vit\u00e9 est plus importante, mais les possibilit\u00e9s d\u00e9coratives sont moindres.<\/p>\t\t\t\t\t\t\t\t<\/div>\n\t\t\t\t<\/div>\n\t\t\t\t<div class=\"elementor-element elementor-element-3eabd13 elementor-widget elementor-widget-image\" data-id=\"3eabd13\" data-element_type=\"widget\" data-e-type=\"widget\" data-widget_type=\"image.default\">\n\t\t\t\t<div class=\"elementor-widget-container\">\n\t\t\t\t\t\t\t\t\t\t\t\t\t\t\t<img fetchpriority=\"high\" decoding=\"async\" width=\"398\" height=\"269\" src=\"https:\/\/i0.wp.com\/stickers.fr\/autocollant\/wp-content\/uploads\/2020\/08\/plotter-decoupe-stickers-1.png?fit=398%2C269&ssl=1\" class=\"attachment-large size-large wp-image-463\" alt=\"decoupe stickers autocollant\" srcset=\"https:\/\/i0.wp.com\/stickers.fr\/autocollant\/wp-content\/uploads\/2020\/08\/plotter-decoupe-stickers-1.png?w=398&ssl=1 398w, https:\/\/i0.wp.com\/stickers.fr\/autocollant\/wp-content\/uploads\/2020\/08\/plotter-decoupe-stickers-1.png?resize=300%2C203&ssl=1 300w, https:\/\/i0.wp.com\/stickers.fr\/autocollant\/wp-content\/uploads\/2020\/08\/plotter-decoupe-stickers-1.png?resize=200%2C135&ssl=1 200w\" sizes=\"(max-width: 398px) 100vw, 398px\" \/>\t\t\t\t\t\t\t\t\t\t\t\t\t\t\t<\/div>\n\t\t\t\t<\/div>\n\t\t\t\t<div class=\"elementor-element elementor-element-55cdac7 elementor-widget elementor-widget-image\" data-id=\"55cdac7\" data-element_type=\"widget\" data-e-type=\"widget\" data-widget_type=\"image.default\">\n\t\t\t\t<div class=\"elementor-widget-container\">\n\t\t\t\t\t\t\t\t\t\t\t\t\t\t\t<img decoding=\"async\" width=\"350\" height=\"233\" src=\"https:\/\/i0.wp.com\/stickers.fr\/autocollant\/wp-content\/uploads\/2020\/08\/sticker-bateau-2-1.jpg?fit=350%2C233&ssl=1\" class=\"attachment-large size-large wp-image-461\" alt=\"pose autocollant decoupe\" srcset=\"https:\/\/i0.wp.com\/stickers.fr\/autocollant\/wp-content\/uploads\/2020\/08\/sticker-bateau-2-1.jpg?w=350&ssl=1 350w, https:\/\/i0.wp.com\/stickers.fr\/autocollant\/wp-content\/uploads\/2020\/08\/sticker-bateau-2-1.jpg?resize=300%2C200&ssl=1 300w, https:\/\/i0.wp.com\/stickers.fr\/autocollant\/wp-content\/uploads\/2020\/08\/sticker-bateau-2-1.jpg?resize=200%2C133&ssl=1 200w\" sizes=\"(max-width: 350px) 100vw, 350px\" \/>\t\t\t\t\t\t\t\t\t\t\t\t\t\t\t<\/div>\n\t\t\t\t<\/div>\n\t\t\t\t<div class=\"elementor-element elementor-element-58ee906 elementor-widget elementor-widget-text-editor\" data-id=\"58ee906\" data-element_type=\"widget\" data-e-type=\"widget\" data-widget_type=\"text-editor.default\">\n\t\t\t\t<div class=\"elementor-widget-container\">\n\t\t\t\t\t\t\t\t\t<p>Il existe plusieurs qualit\u00e9s de vinyles dont la dur\u00e9e de vie est variable. Nous utilisons un vinyle donn\u00e9 pour conserver sa couleur d\u2019origine durant 8\/10 ans.<\/p><p>L\u2019avantage de ce proc\u00e9d\u00e9 est sa longue dur\u00e9e de vie compar\u00e9 aux autocollants traditionnels (s\u00e9rigraphi\u00e9s). En effet l\u2019agression provoqu\u00e9e par les ultraviolets provoque une d\u00e9coloration plus ou moins rapide de tout objet expos\u00e9. La s\u00e9rigraphie consiste \u00e0 d\u00e9poser une tr\u00e8s fine couche d\u2019encre sur un autocollant blanc (ou transparent), le vinyle adh\u00e9sif quant \u00e0 lui est teint\u00e9 dans la masse. La r\u00e9sistance aux U.V. est donc bien plus longue.<\/p>\t\t\t\t\t\t\t\t<\/div>\n\t\t\t\t<\/div>\n\t\t\t\t\t<\/div>\n\t\t<\/div>\n\t\t\t\t<div class=\"elementor-column elementor-col-50 elementor-inner-column elementor-element elementor-element-f0475d4\" data-id=\"f0475d4\" data-element_type=\"column\" data-e-type=\"column\">\n\t\t\t<div class=\"elementor-widget-wrap elementor-element-populated\">\n\t\t\t\t\t\t<div class=\"elementor-element elementor-element-1190b23 elementor-widget elementor-widget-image\" data-id=\"1190b23\" data-element_type=\"widget\" data-e-type=\"widget\" data-widget_type=\"image.default\">\n\t\t\t\t<div class=\"elementor-widget-container\">\n\t\t\t\t\t\t\t\t\t\t\t\t\t\t\t<img decoding=\"async\" width=\"540\" height=\"128\" src=\"https:\/\/i0.wp.com\/stickers.fr\/autocollant\/wp-content\/uploads\/2020\/08\/autocollant-echenillage.jpg?fit=540%2C128&ssl=1\" class=\"attachment-large size-large wp-image-459\" alt=\"\" srcset=\"https:\/\/i0.wp.com\/stickers.fr\/autocollant\/wp-content\/uploads\/2020\/08\/autocollant-echenillage.jpg?w=540&ssl=1 540w, https:\/\/i0.wp.com\/stickers.fr\/autocollant\/wp-content\/uploads\/2020\/08\/autocollant-echenillage.jpg?resize=300%2C71&ssl=1 300w, https:\/\/i0.wp.com\/stickers.fr\/autocollant\/wp-content\/uploads\/2020\/08\/autocollant-echenillage.jpg?resize=200%2C47&ssl=1 200w\" sizes=\"(max-width: 540px) 100vw, 540px\" \/>\t\t\t\t\t\t\t\t\t\t\t\t\t\t\t<\/div>\n\t\t\t\t<\/div>\n\t\t\t\t<div class=\"elementor-element elementor-element-a86279c elementor-widget elementor-widget-text-editor\" data-id=\"a86279c\" data-element_type=\"widget\" data-e-type=\"widget\" data-widget_type=\"text-editor.default\">\n\t\t\t\t<div class=\"elementor-widget-container\">\n\t\t\t\t\t\t\t\t\t<p>Une fois d\u00e9coup\u00e9 et \u00e9chenill\u00e9, l\u2019adh\u00e9sif est d\u00e9pos\u00e9 sur un transfert, ce qui permet de tenir en place le motif d\u00e9coup\u00e9 lors de la pose.<\/p>\t\t\t\t\t\t\t\t<\/div>\n\t\t\t\t<\/div>\n\t\t\t\t<div class=\"elementor-element elementor-element-74cba59 elementor-widget elementor-widget-image\" data-id=\"74cba59\" data-element_type=\"widget\" data-e-type=\"widget\" data-widget_type=\"image.default\">\n\t\t\t\t<div class=\"elementor-widget-container\">\n\t\t\t\t\t\t\t\t\t\t\t\t\t\t\t<img loading=\"lazy\" decoding=\"async\" width=\"1024\" height=\"1024\" src=\"https:\/\/i0.wp.com\/stickers.fr\/autocollant\/wp-content\/uploads\/2025\/04\/pose-sticker-lettrage.png?fit=1024%2C1024&ssl=1\" class=\"attachment-large size-large wp-image-1859\" alt=\"\" srcset=\"https:\/\/i0.wp.com\/stickers.fr\/autocollant\/wp-content\/uploads\/2025\/04\/pose-sticker-lettrage.png?w=1024&ssl=1 1024w, https:\/\/i0.wp.com\/stickers.fr\/autocollant\/wp-content\/uploads\/2025\/04\/pose-sticker-lettrage.png?resize=300%2C300&ssl=1 300w, https:\/\/i0.wp.com\/stickers.fr\/autocollant\/wp-content\/uploads\/2025\/04\/pose-sticker-lettrage.png?resize=150%2C150&ssl=1 150w, https:\/\/i0.wp.com\/stickers.fr\/autocollant\/wp-content\/uploads\/2025\/04\/pose-sticker-lettrage.png?resize=768%2C768&ssl=1 768w, https:\/\/i0.wp.com\/stickers.fr\/autocollant\/wp-content\/uploads\/2025\/04\/pose-sticker-lettrage.png?resize=200%2C200&ssl=1 200w, https:\/\/i0.wp.com\/stickers.fr\/autocollant\/wp-content\/uploads\/2025\/04\/pose-sticker-lettrage.png?resize=280%2C280&ssl=1 280w, https:\/\/i0.wp.com\/stickers.fr\/autocollant\/wp-content\/uploads\/2025\/04\/pose-sticker-lettrage.png?resize=690%2C690&ssl=1 690w\" sizes=\"(max-width: 1024px) 100vw, 1024px\" \/>\t\t\t\t\t\t\t\t\t\t\t\t\t\t\t<\/div>\n\t\t\t\t<\/div>\n\t\t\t\t<div class=\"elementor-element elementor-element-735a8f5 elementor-widget elementor-widget-text-editor\" data-id=\"735a8f5\" data-element_type=\"widget\" data-e-type=\"widget\" data-widget_type=\"text-editor.default\">\n\t\t\t\t<div class=\"elementor-widget-container\">\n\t\t\t\t\t\t\t\t\t<p>Le papier transfert contenant le marquage est alors appos\u00e9 sur le support (panneau, vitre, v\u00e9hicule, porte, etc\u2026). On retire le transfert, et il ne reste que le marquage.<\/p>\t\t\t\t\t\t\t\t<\/div>\n\t\t\t\t<\/div>\n\t\t\t\t<div class=\"elementor-element elementor-element-be5e337 elementor-widget elementor-widget-image\" data-id=\"be5e337\" data-element_type=\"widget\" data-e-type=\"widget\" data-widget_type=\"image.default\">\n\t\t\t\t<div class=\"elementor-widget-container\">\n\t\t\t\t\t\t\t\t\t\t\t\t\t\t\t<img loading=\"lazy\" decoding=\"async\" width=\"700\" height=\"520\" src=\"https:\/\/i0.wp.com\/stickers.fr\/autocollant\/wp-content\/uploads\/2020\/08\/sticker-vitrine-1.jpg?fit=700%2C520&ssl=1\" class=\"attachment-large size-large wp-image-460\" alt=\"pose autocollant enseigne\" srcset=\"https:\/\/i0.wp.com\/stickers.fr\/autocollant\/wp-content\/uploads\/2020\/08\/sticker-vitrine-1.jpg?w=700&ssl=1 700w, https:\/\/i0.wp.com\/stickers.fr\/autocollant\/wp-content\/uploads\/2020\/08\/sticker-vitrine-1.jpg?resize=300%2C223&ssl=1 300w, https:\/\/i0.wp.com\/stickers.fr\/autocollant\/wp-content\/uploads\/2020\/08\/sticker-vitrine-1.jpg?resize=200%2C149&ssl=1 200w, https:\/\/i0.wp.com\/stickers.fr\/autocollant\/wp-content\/uploads\/2020\/08\/sticker-vitrine-1.jpg?resize=690%2C513&ssl=1 690w\" sizes=\"(max-width: 700px) 100vw, 700px\" \/>\t\t\t\t\t\t\t\t\t\t\t\t\t\t\t<\/div>\n\t\t\t\t<\/div>\n\t\t\t\t\t<\/div>\n\t\t<\/div>\n\t\t\t\t\t<\/div>\n\t\t<\/section>\n\t\t\t\t\t<\/div>\n\t\t<\/div>\n\t\t\t\t\t<\/div>\n\t\t<\/section>\n\t\t\t\t<section class=\"elementor-section elementor-top-section elementor-element elementor-element-868e82e elementor-section-boxed elementor-section-height-default elementor-section-height-default\" data-id=\"868e82e\" data-element_type=\"section\" data-e-type=\"section\">\n\t\t\t\t\t\t<div class=\"elementor-container elementor-column-gap-default\">\n\t\t\t\t\t<div class=\"elementor-column elementor-col-100 elementor-top-column elementor-element elementor-element-8f5303f\" data-id=\"8f5303f\" data-element_type=\"column\" data-e-type=\"column\">\n\t\t\t<div class=\"elementor-widget-wrap elementor-element-populated\">\n\t\t\t\t\t\t<div class=\"elementor-element elementor-element-0329473 elementor-widget elementor-widget-image\" data-id=\"0329473\" data-element_type=\"widget\" data-e-type=\"widget\" data-widget_type=\"image.default\">\n\t\t\t\t<div class=\"elementor-widget-container\">\n\t\t\t\t\t\t\t\t\t\t\t\t\t\t\t<img loading=\"lazy\" decoding=\"async\" width=\"1024\" height=\"1024\" src=\"https:\/\/i0.wp.com\/stickers.fr\/autocollant\/wp-content\/uploads\/2025\/04\/stickers-echenillage.png?fit=1024%2C1024&ssl=1\" class=\"attachment-large size-large wp-image-1871\" alt=\"\" srcset=\"https:\/\/i0.wp.com\/stickers.fr\/autocollant\/wp-content\/uploads\/2025\/04\/stickers-echenillage.png?w=1024&ssl=1 1024w, https:\/\/i0.wp.com\/stickers.fr\/autocollant\/wp-content\/uploads\/2025\/04\/stickers-echenillage.png?resize=300%2C300&ssl=1 300w, https:\/\/i0.wp.com\/stickers.fr\/autocollant\/wp-content\/uploads\/2025\/04\/stickers-echenillage.png?resize=150%2C150&ssl=1 150w, https:\/\/i0.wp.com\/stickers.fr\/autocollant\/wp-content\/uploads\/2025\/04\/stickers-echenillage.png?resize=768%2C768&ssl=1 768w, https:\/\/i0.wp.com\/stickers.fr\/autocollant\/wp-content\/uploads\/2025\/04\/stickers-echenillage.png?resize=200%2C200&ssl=1 200w, https:\/\/i0.wp.com\/stickers.fr\/autocollant\/wp-content\/uploads\/2025\/04\/stickers-echenillage.png?resize=280%2C280&ssl=1 280w, https:\/\/i0.wp.com\/stickers.fr\/autocollant\/wp-content\/uploads\/2025\/04\/stickers-echenillage.png?resize=690%2C690&ssl=1 690w\" sizes=\"(max-width: 1024px) 100vw, 1024px\" \/>\t\t\t\t\t\t\t\t\t\t\t\t\t\t\t<\/div>\n\t\t\t\t<\/div>\n\t\t\t\t\t<\/div>\n\t\t<\/div>\n\t\t\t\t\t<\/div>\n\t\t<\/section>\n\t\t\t\t<\/div>\n\t\t","protected":false},"excerpt":{"rendered":"<p>La d\u00e9coupe de vinyle adh\u00e9sif contrairement \u00e0 l\u2019impression, se fait dans du vinyle teint\u00e9 dans la masse. On obtient des&nbsp;[&hellip;]<\/p>\n","protected":false},"author":1,"featured_media":0,"parent":244,"menu_order":0,"comment_status":"closed","ping_status":"closed","template":"","meta":{"footnotes":""},"class_list":["post-295","page","type-page","status-publish","hentry","post-item clearfix"],"yoast_head":"<!-- This site is optimized with the Yoast SEO plugin v27.5 - https:\/\/yoast.com\/product\/yoast-seo-wordpress\/ -->\n<title>Stickers.fr - Autocollants et Stickers personnalis\u00e9s<\/title>\n<meta name=\"description\" content=\"Nous sommes sp\u00e9cialis\u00e9s dans l\u2018impression d\u2019autocollants stickers et travaillons avec nos prescripteurs dans tous les coins de la France voire l\u2019Europe.\" \/>\n<meta name=\"robots\" content=\"index, follow, max-snippet:-1, max-image-preview:large, max-video-preview:-1\" \/>\n<link rel=\"canonical\" href=\"https:\/\/stickers.fr\/autocollant\/index.php\/produits\/decoupe\/\" \/>\n<meta property=\"og:locale\" content=\"fr_FR\" \/>\n<meta property=\"og:type\" content=\"article\" \/>\n<meta property=\"og:title\" content=\"Stickers.fr - Autocollants et Stickers personnalis\u00e9s\" \/>\n<meta property=\"og:description\" content=\"Nous sommes sp\u00e9cialis\u00e9s dans l\u2018impression d\u2019autocollants stickers et travaillons avec nos prescripteurs dans tous les coins de la France voire l\u2019Europe.\" \/>\n<meta property=\"og:url\" content=\"https:\/\/stickers.fr\/autocollant\/index.php\/produits\/decoupe\/\" \/>\n<meta property=\"og:site_name\" content=\"Autocollants et Stickers personnalis\u00e9s\" \/>\n<meta property=\"article:publisher\" content=\"https:\/\/www.facebook.com\/Stickersfr-751164974960802\" \/>\n<meta property=\"article:modified_time\" content=\"2025-04-13T09:26:25+00:00\" \/>\n<meta property=\"og:image\" content=\"https:\/\/i0.wp.com\/stickers.fr\/autocollant\/wp-content\/uploads\/2020\/08\/plotter-decoupe-stickers-1.png?fit=398%2C269&ssl=1\" \/>\n\t<meta property=\"og:image:width\" content=\"398\" \/>\n\t<meta property=\"og:image:height\" content=\"269\" \/>\n\t<meta property=\"og:image:type\" content=\"image\/png\" \/>\n<meta name=\"twitter:card\" content=\"summary_large_image\" \/>\n<meta name=\"twitter:label1\" content=\"Dur\u00e9e de lecture estim\u00e9e\" \/>\n\t<meta name=\"twitter:data1\" content=\"3 minutes\" \/>\n<script type=\"application\/ld+json\" class=\"yoast-schema-graph\">{\"@context\":\"https:\\\/\\\/schema.org\",\"@graph\":[{\"@type\":\"WebPage\",\"@id\":\"https:\\\/\\\/stickers.fr\\\/autocollant\\\/index.php\\\/produits\\\/decoupe\\\/\",\"url\":\"https:\\\/\\\/stickers.fr\\\/autocollant\\\/index.php\\\/produits\\\/decoupe\\\/\",\"name\":\"Stickers.fr - Autocollants et Stickers personnalis\u00e9s\",\"isPartOf\":{\"@id\":\"https:\\\/\\\/stickers.fr\\\/autocollant\\\/#website\"},\"primaryImageOfPage\":{\"@id\":\"https:\\\/\\\/stickers.fr\\\/autocollant\\\/index.php\\\/produits\\\/decoupe\\\/#primaryimage\"},\"image\":{\"@id\":\"https:\\\/\\\/stickers.fr\\\/autocollant\\\/index.php\\\/produits\\\/decoupe\\\/#primaryimage\"},\"thumbnailUrl\":\"https:\\\/\\\/stickers.fr\\\/autocollant\\\/wp-content\\\/uploads\\\/2020\\\/08\\\/plotter-decoupe-stickers-1.png\",\"datePublished\":\"2020-05-12T15:07:54+00:00\",\"dateModified\":\"2025-04-13T09:26:25+00:00\",\"description\":\"Nous sommes sp\u00e9cialis\u00e9s dans l\u2018impression d\u2019autocollants stickers et travaillons avec nos prescripteurs dans tous les coins de la France voire l\u2019Europe.\",\"breadcrumb\":{\"@id\":\"https:\\\/\\\/stickers.fr\\\/autocollant\\\/index.php\\\/produits\\\/decoupe\\\/#breadcrumb\"},\"inLanguage\":\"fr-FR\",\"potentialAction\":[{\"@type\":\"ReadAction\",\"target\":[\"https:\\\/\\\/stickers.fr\\\/autocollant\\\/index.php\\\/produits\\\/decoupe\\\/\"]}]},{\"@type\":\"ImageObject\",\"inLanguage\":\"fr-FR\",\"@id\":\"https:\\\/\\\/stickers.fr\\\/autocollant\\\/index.php\\\/produits\\\/decoupe\\\/#primaryimage\",\"url\":\"https:\\\/\\\/i0.wp.com\\\/stickers.fr\\\/autocollant\\\/wp-content\\\/uploads\\\/2020\\\/08\\\/plotter-decoupe-stickers-1.png?fit=398%2C269&ssl=1\",\"contentUrl\":\"https:\\\/\\\/i0.wp.com\\\/stickers.fr\\\/autocollant\\\/wp-content\\\/uploads\\\/2020\\\/08\\\/plotter-decoupe-stickers-1.png?fit=398%2C269&ssl=1\",\"width\":398,\"height\":269,\"caption\":\"decoupe stickers autocollant\"},{\"@type\":\"BreadcrumbList\",\"@id\":\"https:\\\/\\\/stickers.fr\\\/autocollant\\\/index.php\\\/produits\\\/decoupe\\\/#breadcrumb\",\"itemListElement\":[{\"@type\":\"ListItem\",\"position\":1,\"name\":\"Accueil\",\"item\":\"https:\\\/\\\/stickers.fr\\\/autocollant\\\/\"},{\"@type\":\"ListItem\",\"position\":2,\"name\":\"Produits\",\"item\":\"https:\\\/\\\/stickers.fr\\\/autocollant\\\/index.php\\\/produits\\\/\"},{\"@type\":\"ListItem\",\"position\":3,\"name\":\"D\u00e9coupe\"}]},{\"@type\":\"WebSite\",\"@id\":\"https:\\\/\\\/stickers.fr\\\/autocollant\\\/#website\",\"url\":\"https:\\\/\\\/stickers.fr\\\/autocollant\\\/\",\"name\":\"Stickers et Autocollants personnalis\u00e9s\",\"description\":\"Le sp\u00e9cialiste Autocollants et Stickers personnalis\u00e9s sur internet\",\"publisher\":{\"@id\":\"https:\\\/\\\/stickers.fr\\\/autocollant\\\/#organization\"},\"potentialAction\":[{\"@type\":\"SearchAction\",\"target\":{\"@type\":\"EntryPoint\",\"urlTemplate\":\"https:\\\/\\\/stickers.fr\\\/autocollant\\\/?s={search_term_string}\"},\"query-input\":{\"@type\":\"PropertyValueSpecification\",\"valueRequired\":true,\"valueName\":\"search_term_string\"}}],\"inLanguage\":\"fr-FR\"},{\"@type\":\"Organization\",\"@id\":\"https:\\\/\\\/stickers.fr\\\/autocollant\\\/#organization\",\"name\":\"STICKERS.FR\",\"url\":\"https:\\\/\\\/stickers.fr\\\/autocollant\\\/\",\"logo\":{\"@type\":\"ImageObject\",\"inLanguage\":\"fr-FR\",\"@id\":\"https:\\\/\\\/stickers.fr\\\/autocollant\\\/#\\\/schema\\\/logo\\\/image\\\/\",\"url\":\"https:\\\/\\\/stickers.fr\\\/autocollant\\\/wp-content\\\/uploads\\\/2020\\\/05\\\/logo-2020-3.png\",\"contentUrl\":\"https:\\\/\\\/stickers.fr\\\/autocollant\\\/wp-content\\\/uploads\\\/2020\\\/05\\\/logo-2020-3.png\",\"width\":158,\"height\":149,\"caption\":\"STICKERS.FR\"},\"image\":{\"@id\":\"https:\\\/\\\/stickers.fr\\\/autocollant\\\/#\\\/schema\\\/logo\\\/image\\\/\"},\"sameAs\":[\"https:\\\/\\\/www.facebook.com\\\/Stickersfr-751164974960802\"]}]}<\/script>\n<!-- \/ Yoast SEO plugin. -->","yoast_head_json":{"title":"Stickers.fr - Autocollants et Stickers personnalis\u00e9s","description":"Nous sommes sp\u00e9cialis\u00e9s dans l\u2018impression d\u2019autocollants stickers et travaillons avec nos prescripteurs dans tous les coins de la France voire l\u2019Europe.","robots":{"index":"index","follow":"follow","max-snippet":"max-snippet:-1","max-image-preview":"max-image-preview:large","max-video-preview":"max-video-preview:-1"},"canonical":"https:\/\/stickers.fr\/autocollant\/index.php\/produits\/decoupe\/","og_locale":"fr_FR","og_type":"article","og_title":"Stickers.fr - Autocollants et Stickers personnalis\u00e9s","og_description":"Nous sommes sp\u00e9cialis\u00e9s dans l\u2018impression d\u2019autocollants stickers et travaillons avec nos prescripteurs dans tous les coins de la France voire l\u2019Europe.","og_url":"https:\/\/stickers.fr\/autocollant\/index.php\/produits\/decoupe\/","og_site_name":"Autocollants et Stickers personnalis\u00e9s","article_publisher":"https:\/\/www.facebook.com\/Stickersfr-751164974960802","article_modified_time":"2025-04-13T09:26:25+00:00","og_image":[{"width":398,"height":269,"url":"https:\/\/i0.wp.com\/stickers.fr\/autocollant\/wp-content\/uploads\/2020\/08\/plotter-decoupe-stickers-1.png?fit=398%2C269&ssl=1","type":"image\/png"}],"twitter_card":"summary_large_image","twitter_misc":{"Dur\u00e9e de lecture estim\u00e9e":"3 minutes"},"schema":{"@context":"https:\/\/schema.org","@graph":[{"@type":"WebPage","@id":"https:\/\/stickers.fr\/autocollant\/index.php\/produits\/decoupe\/","url":"https:\/\/stickers.fr\/autocollant\/index.php\/produits\/decoupe\/","name":"Stickers.fr - Autocollants et Stickers personnalis\u00e9s","isPartOf":{"@id":"https:\/\/stickers.fr\/autocollant\/#website"},"primaryImageOfPage":{"@id":"https:\/\/stickers.fr\/autocollant\/index.php\/produits\/decoupe\/#primaryimage"},"image":{"@id":"https:\/\/stickers.fr\/autocollant\/index.php\/produits\/decoupe\/#primaryimage"},"thumbnailUrl":"https:\/\/stickers.fr\/autocollant\/wp-content\/uploads\/2020\/08\/plotter-decoupe-stickers-1.png","datePublished":"2020-05-12T15:07:54+00:00","dateModified":"2025-04-13T09:26:25+00:00","description":"Nous sommes sp\u00e9cialis\u00e9s dans l\u2018impression d\u2019autocollants stickers et travaillons avec nos prescripteurs dans tous les coins de la France voire l\u2019Europe.","breadcrumb":{"@id":"https:\/\/stickers.fr\/autocollant\/index.php\/produits\/decoupe\/#breadcrumb"},"inLanguage":"fr-FR","potentialAction":[{"@type":"ReadAction","target":["https:\/\/stickers.fr\/autocollant\/index.php\/produits\/decoupe\/"]}]},{"@type":"ImageObject","inLanguage":"fr-FR","@id":"https:\/\/stickers.fr\/autocollant\/index.php\/produits\/decoupe\/#primaryimage","url":"https:\/\/i0.wp.com\/stickers.fr\/autocollant\/wp-content\/uploads\/2020\/08\/plotter-decoupe-stickers-1.png?fit=398%2C269&ssl=1","contentUrl":"https:\/\/i0.wp.com\/stickers.fr\/autocollant\/wp-content\/uploads\/2020\/08\/plotter-decoupe-stickers-1.png?fit=398%2C269&ssl=1","width":398,"height":269,"caption":"decoupe stickers autocollant"},{"@type":"BreadcrumbList","@id":"https:\/\/stickers.fr\/autocollant\/index.php\/produits\/decoupe\/#breadcrumb","itemListElement":[{"@type":"ListItem","position":1,"name":"Accueil","item":"https:\/\/stickers.fr\/autocollant\/"},{"@type":"ListItem","position":2,"name":"Produits","item":"https:\/\/stickers.fr\/autocollant\/index.php\/produits\/"},{"@type":"ListItem","position":3,"name":"D\u00e9coupe"}]},{"@type":"WebSite","@id":"https:\/\/stickers.fr\/autocollant\/#website","url":"https:\/\/stickers.fr\/autocollant\/","name":"Stickers et Autocollants personnalis\u00e9s","description":"Le sp\u00e9cialiste Autocollants et Stickers personnalis\u00e9s sur internet","publisher":{"@id":"https:\/\/stickers.fr\/autocollant\/#organization"},"potentialAction":[{"@type":"SearchAction","target":{"@type":"EntryPoint","urlTemplate":"https:\/\/stickers.fr\/autocollant\/?s={search_term_string}"},"query-input":{"@type":"PropertyValueSpecification","valueRequired":true,"valueName":"search_term_string"}}],"inLanguage":"fr-FR"},{"@type":"Organization","@id":"https:\/\/stickers.fr\/autocollant\/#organization","name":"STICKERS.FR","url":"https:\/\/stickers.fr\/autocollant\/","logo":{"@type":"ImageObject","inLanguage":"fr-FR","@id":"https:\/\/stickers.fr\/autocollant\/#\/schema\/logo\/image\/","url":"https:\/\/stickers.fr\/autocollant\/wp-content\/uploads\/2020\/05\/logo-2020-3.png","contentUrl":"https:\/\/stickers.fr\/autocollant\/wp-content\/uploads\/2020\/05\/logo-2020-3.png","width":158,"height":149,"caption":"STICKERS.FR"},"image":{"@id":"https:\/\/stickers.fr\/autocollant\/#\/schema\/logo\/image\/"},"sameAs":["https:\/\/www.facebook.com\/Stickersfr-751164974960802"]}]}},"jetpack_sharing_enabled":true,"_links":{"self":[{"href":"https:\/\/stickers.fr\/autocollant\/index.php\/wp-json\/wp\/v2\/pages\/295","targetHints":{"allow":["GET"]}}],"collection":[{"href":"https:\/\/stickers.fr\/autocollant\/index.php\/wp-json\/wp\/v2\/pages"}],"about":[{"href":"https:\/\/stickers.fr\/autocollant\/index.php\/wp-json\/wp\/v2\/types\/page"}],"author":[{"embeddable":true,"href":"https:\/\/stickers.fr\/autocollant\/index.php\/wp-json\/wp\/v2\/users\/1"}],"replies":[{"embeddable":true,"href":"https:\/\/stickers.fr\/autocollant\/index.php\/wp-json\/wp\/v2\/comments?post=295"}],"version-history":[{"count":12,"href":"https:\/\/stickers.fr\/autocollant\/index.php\/wp-json\/wp\/v2\/pages\/295\/revisions"}],"predecessor-version":[{"id":1874,"href":"https:\/\/stickers.fr\/autocollant\/index.php\/wp-json\/wp\/v2\/pages\/295\/revisions\/1874"}],"up":[{"embeddable":true,"href":"https:\/\/stickers.fr\/autocollant\/index.php\/wp-json\/wp\/v2\/pages\/244"}],"wp:attachment":[{"href":"https:\/\/stickers.fr\/autocollant\/index.php\/wp-json\/wp\/v2\/media?parent=295"}],"curies":[{"name":"wp","href":"https:\/\/api.w.org\/{rel}","templated":true}]}}