{"id":623,"date":"2020-08-27T16:01:11","date_gmt":"2020-08-27T14:01:11","guid":{"rendered":"https:\/\/stickers.fr\/autocollant\/?page_id=623"},"modified":"2023-09-25T11:09:47","modified_gmt":"2023-09-25T09:09:47","slug":"infos-importantes","status":"publish","type":"page","link":"https:\/\/stickers.fr\/autocollant\/index.php\/infos-importantes\/","title":{"rendered":"Infos importantes"},"content":{"rendered":"\t\t<div data-elementor-type=\"wp-page\" data-elementor-id=\"623\" class=\"elementor elementor-623\">\n\t\t\t\t\t\t<section class=\"elementor-section elementor-top-section elementor-element elementor-element-de3dafd elementor-section-boxed elementor-section-height-default elementor-section-height-default\" data-id=\"de3dafd\" data-element_type=\"section\" data-e-type=\"section\">\n\t\t\t\t\t\t<div class=\"elementor-container elementor-column-gap-default\">\n\t\t\t\t\t<div class=\"elementor-column elementor-col-100 elementor-top-column elementor-element elementor-element-f263a9f\" data-id=\"f263a9f\" data-element_type=\"column\" data-e-type=\"column\">\n\t\t\t<div class=\"elementor-widget-wrap elementor-element-populated\">\n\t\t\t\t\t\t<div class=\"elementor-element elementor-element-cbff85c elementor-widget elementor-widget-text-editor\" data-id=\"cbff85c\" data-element_type=\"widget\" data-e-type=\"widget\" data-widget_type=\"text-editor.default\">\n\t\t\t\t<div class=\"elementor-widget-container\">\n\t\t\t\t\t\t\t\t\t<p><span class=\"Style2\">VINYLE<\/span><br><u>En standard<\/u> : Les autocollants sont imprim\u00e9s sur du <span class=\"Style1\">vinyle blanc brillant<\/span>&nbsp;de 100\u00b5 d&rsquo;\u00e9paisseur .<br><u>Sur demande<\/u>&nbsp;: Vinyle blanc mat, vinyle transparent ou translucide, sans suppl\u00e9ment de prix.<\/p>\n<p align=\"justify\"><span class=\"Style2\"><strong>COLLE<\/strong><\/span><br><u>En standard<\/u> : Les autocollants sont livr\u00e9s avec une <span class=\"Style1\">colle permanente<\/span>.<br><u>Sur demande et uniquement pour le vinyle blanc<\/u>&nbsp;: ils peuvent \u00eatre livr\u00e9s avec une colle repositionnable ou renforc\u00e9e (pour coller sur le PVC, garde-boue de moto, coque de quad, poubelles etc&#8230;), le prix peut varier.<\/p>\n<p align=\"justify\">Les adh\u00e9sifs que nous utilisons proviennent de fabricants notoirement connus et adh\u00e8rent parfaitement sur la plupart des supports propres, sains, secs et lisses.&nbsp;<strong><span style=\"color: #0000ff;\">Nous ne serions \u00eatre tenus responsables d&rsquo;une mauvaise adh\u00e9rence quelconque de nos autocollantss.<\/span><\/strong> En cas de doute, nous fournissons gratuitement des \u00e9chantillons afin que nos clients puissent proc\u00e9der \u00e0 des essais pr\u00e9alables. A titre indicatif, les supports les plus connus posant probl\u00e8mes sont les mati\u00e8res plastiques, pour lesquelles il existe une colle renforc\u00e9e (\u00e0 pr\u00e9ciser par le client \u00e0 la commande), les supports non lisses, gras, poussi\u00e9reux et les lasures. Il peut \u00e9galement y avoir d\u00e9collement sur un v\u00e9hicule qui est utilis\u00e9 avant que le liquide servant au positionement des autocollants ne soit enti\u00e8rement sec ou soit gel\u00e9 par application \u00e0 des temp\u00e9ratures n\u00e9gatives. Il est \u00e9galement fortement d\u00e9conseill\u00e9 d&rsquo;appliquer les adh\u00e9sifs sur un support froid (inf\u00e9rieur \u00e0 10\u00b0C), la polym\u00e9risation de la colle pouvant durer plusieurs jours voire ne pas pouvoir se r\u00e9aliser, entra\u00eenant un d\u00e9collement de l&rsquo;adh\u00e9sif.<\/p>\n<p align=\"justify\"><span class=\"Style2\"><strong>D\u00c9COUPE<\/strong><\/span><br>Nous effectuons les d\u00e9coupes de formes g\u00e9om\u00e9triques simples (carr\u00e9, rectangle, rond, ovale, \u00e9toile, triangle&#8230;) sans suppl\u00e9ment de prix. Les formes complexes doivent \u00eatre fournies avec l&rsquo;image de l&rsquo;autocollant, sur un fichier \u00e0 part s&rsquo;il s&rsquo;agit d&rsquo;un jpg ou gif ou tiff. Evitez de dessiner le trac\u00e9 de d\u00e9coupe sur l&rsquo;image \u00e0 imprimer, car nous serions oblig\u00e9s de retoucher l&rsquo;image pour effacer le trait de coupe et \u00e9ventuellement facturer l&rsquo;op\u00e9ration.<\/p>\n<p align=\"justify\"><strong><u>En standard<\/u> : Les autocollants sont livr\u00e9s en<\/strong><span class=\"Style1\"><strong>&nbsp;planches +- A4<\/strong>&nbsp;<\/span> (d\u00e9pend de la taille de l&rsquo;autocollant) pr\u00e9d\u00e9coup\u00e9s \u00e0 la forme.<br><u>Sur demande<\/u>&nbsp;: ils peuvent \u00eatre livr\u00e9s d\u00e9coup\u00e9s \u00e0 la pi\u00e8ce (massicotage \u00e0 l&rsquo;unit\u00e9), moyennant suppl\u00e9ment.<\/p>\n<p align=\"justify\"><span class=\"Style2\"><strong>FICHIERS<\/strong><\/span><br>Pour les images : un jpg &#8211; gif &#8211; tiff, \u00e0 la taille de l&rsquo;autocollant \u00e0 imprimer et d&rsquo;une r\u00e9solution de 150dpi minimum.<br>Si vous voulez agrandir une image, il faut une r\u00e9solution suffisante pour que l&rsquo;image finale poss\u00e8de 150dpi. Pour agrandir 2x il faut 300dpi au d\u00e9part, 4x = 600dpi etc&#8230;<\/p>\n<p>Inutile donc de vouloir agrandir une image 10x sauf si elle a une r\u00e9solution de 1500dpi ce qui extr\u00e8mement rare. Le r\u00e9sultat sera d\u00e9cevant dans tous les cas.<\/p>\n<p>Les seuls fichiers pouvant \u00eatre agrandis \u00e0 l&rsquo;infini sans perte de qualit\u00e9 sont les fichiers \u00ab\u00a0vectoriels\u00a0\u00bb (de type ai eps ou pdf). Attention aux images int\u00e9gr\u00e9es dans ce type de fichiers et qui ob\u00e9issent aux m\u00eames lois que les autres images.<\/p>\n<p>Inutile donc d&rsquo;envoyer un fichier ai eps ou pdf contenant une simple image.<br>Le fichier sera plus volumineux et le r\u00e9sultat sera le m\u00eame que pour un simple jpg.<\/p>\n<p>Si votre fichier vectoriel contient du&nbsp;<span class=\"Style1\">texte<\/span>, il faut le&nbsp;<span class=\"Style1\">vectoriser<\/span>&nbsp;(Ex: sous Illustrator Menu \u00ab\u00a0Texte\u00a0\u00bb \u00ab\u00a0Vectoriser\u00a0\u00bb) car si nous ne poss\u00e9dons pas la police utilis\u00e9e, nous ne pourrons pas l&rsquo;ouvrir pour y int\u00e9grer le trait de d\u00e9coupe.<\/p>\n<p align=\"justify\"><span class=\"Style2\"><strong>ENVOI DES FICHIERS<\/strong><\/span><br>Pour une simple demande de devis l&rsquo;envoi du fichier n&rsquo;est pas indispensable. Les prix sont calcul\u00e9 d&rsquo;apr\u00e8s la taille et la finition des autocollants.<br>Envoyez le fichier au moment de la demande de devis, en le joignant au&nbsp;<a href=\"https:\/\/stickers.fr\/autocollant\/index.php\/demande-de-devis\/\" target=\"_new\">\u00ab\u00a0formulaire de demande de devis\u00a0\u00bb<\/a>&nbsp;s&rsquo;il fait moins de 2 Mo ou en pi\u00e8ce jointe par mail. S&rsquo;il est trop volumineux pour \u00eatre envoy\u00e9 par email, utilisez&nbsp;<a href=\"https:\/\/www.wetransfer.com\/\" target=\"_blank\" rel=\"noopener\">WeTransfer<\/a>&nbsp;service totalement gratuit, suivez les instructions et n&rsquo;oubliez pas d&rsquo;indiquer notre adresse mail&nbsp;<b>\u00a0\u00bb&nbsp;info@stickers.fr\u00a0\u00bb<\/b>&nbsp;afin que nous puissions r\u00e9cup\u00e9rer votre fichier.<\/p>\n<p><span class=\"Style2\"><strong>AUTOCOLLANTS TRANSPARENTS<\/strong><\/span><br>En standard, l&rsquo;impression sur vinyle transparent est transparente. Vous pouvez donc coller votre AUTOCOLLANT soit sur un fond blanc, soit sur une vitrine bien \u00e9clair\u00e9e, sinon les couleurs vont se confondre avec le fond.<\/p>\n<p align=\"justify\">Pour \u00e9viter cela, il est possible d&rsquo;imprimer un \u00ab\u00a0<span class=\"Style1\">blanc de soutien<\/span>\u00ab\u00a0. Il s&rsquo;agit d&rsquo;une couche de blanc imprim\u00e9e sous chaque couleur qui la rend opaque (un jaune coll\u00e9 sur fond noir restera jaune). Option payante.<br>Pour ces travaux il faut imp\u00e9rativement un&nbsp;<span class=\"Style1\">fichier vectoriel<\/span>, sur une image le logiciel ne reconnait pas le fond transparent.<\/p>\n<p align=\"justify\"><span class=\"Style2\"><strong>COULEURS<\/strong><\/span><br>En aucun cas il ne peut \u00eatre garanti que les teintes d&rsquo;un fichier image (jpg, gif tif) que vous voyez sur votre \u00e9cran ou que vous imprimez sur votre imprimante seront reproduites fid\u00e8lement lors de l&rsquo;impression. La seule garantie de reproduction de teintes fid\u00e8les sont celles issues d&rsquo;un nuancier \u00ab\u00a0CMJN\u00a0\u00bb. Si vous d\u00e9sirez une garantie totale des couleurs imprim\u00e9es, demandez-nous une \u00e9preuve (BAT) de votre autocollant (prestation qui pourra \u00e9ventuellement \u00eatre factur\u00e9e).<\/p>\t\t\t\t\t\t\t\t<\/div>\n\t\t\t\t<\/div>\n\t\t\t\t\t<\/div>\n\t\t<\/div>\n\t\t\t\t\t<\/div>\n\t\t<\/section>\n\t\t\t\t<\/div>\n\t\t","protected":false},"excerpt":{"rendered":"<p>VINYLEEn standard : Les autocollants sont imprim\u00e9s sur du vinyle blanc brillant&nbsp;de 100\u00b5 d&rsquo;\u00e9paisseur .Sur demande&nbsp;: Vinyle blanc mat, vinyle&nbsp;[&hellip;]<\/p>\n","protected":false},"author":1,"featured_media":0,"parent":0,"menu_order":0,"comment_status":"closed","ping_status":"closed","template":"elementor_header_footer","meta":{"footnotes":""},"class_list":["post-623","page","type-page","status-publish","hentry","post-item clearfix"],"yoast_head":"<!-- This site is optimized with the Yoast SEO plugin v27.4 - https:\/\/yoast.com\/product\/yoast-seo-wordpress\/ -->\n<title>Stickers.fr - Autocollants et Stickers personnalis\u00e9s<\/title>\n<meta name=\"description\" content=\"Nous sommes sp\u00e9cialis\u00e9s dans l\u2018impression d\u2019autocollants stickers et travaillons avec nos prescripteurs dans tous les coins de la France voire l\u2019Europe.\" \/>\n<meta name=\"robots\" content=\"index, follow, max-snippet:-1, max-image-preview:large, max-video-preview:-1\" \/>\n<link rel=\"canonical\" href=\"https:\/\/stickers.fr\/autocollant\/index.php\/infos-importantes\/\" \/>\n<meta property=\"og:locale\" content=\"fr_FR\" \/>\n<meta property=\"og:type\" content=\"article\" \/>\n<meta property=\"og:title\" content=\"Stickers.fr - Autocollants et Stickers personnalis\u00e9s\" \/>\n<meta property=\"og:description\" content=\"Nous sommes sp\u00e9cialis\u00e9s dans l\u2018impression d\u2019autocollants stickers et travaillons avec nos prescripteurs dans tous les coins de la France voire l\u2019Europe.\" \/>\n<meta property=\"og:url\" content=\"https:\/\/stickers.fr\/autocollant\/index.php\/infos-importantes\/\" \/>\n<meta property=\"og:site_name\" content=\"Autocollants et Stickers personnalis\u00e9s\" \/>\n<meta property=\"article:publisher\" content=\"https:\/\/www.facebook.com\/Stickersfr-751164974960802\" \/>\n<meta property=\"article:modified_time\" content=\"2023-09-25T09:09:47+00:00\" \/>\n<meta name=\"twitter:card\" content=\"summary_large_image\" \/>\n<meta name=\"twitter:label1\" content=\"Dur\u00e9e de lecture estim\u00e9e\" \/>\n\t<meta name=\"twitter:data1\" content=\"4 minutes\" \/>\n<script type=\"application\/ld+json\" class=\"yoast-schema-graph\">{\"@context\":\"https:\\\/\\\/schema.org\",\"@graph\":[{\"@type\":\"WebPage\",\"@id\":\"https:\\\/\\\/stickers.fr\\\/autocollant\\\/index.php\\\/infos-importantes\\\/\",\"url\":\"https:\\\/\\\/stickers.fr\\\/autocollant\\\/index.php\\\/infos-importantes\\\/\",\"name\":\"Stickers.fr - Autocollants et Stickers personnalis\u00e9s\",\"isPartOf\":{\"@id\":\"https:\\\/\\\/stickers.fr\\\/autocollant\\\/#website\"},\"datePublished\":\"2020-08-27T14:01:11+00:00\",\"dateModified\":\"2023-09-25T09:09:47+00:00\",\"description\":\"Nous sommes sp\u00e9cialis\u00e9s dans l\u2018impression d\u2019autocollants stickers et travaillons avec nos prescripteurs dans tous les coins de la France voire l\u2019Europe.\",\"breadcrumb\":{\"@id\":\"https:\\\/\\\/stickers.fr\\\/autocollant\\\/index.php\\\/infos-importantes\\\/#breadcrumb\"},\"inLanguage\":\"fr-FR\",\"potentialAction\":[{\"@type\":\"ReadAction\",\"target\":[\"https:\\\/\\\/stickers.fr\\\/autocollant\\\/index.php\\\/infos-importantes\\\/\"]}]},{\"@type\":\"BreadcrumbList\",\"@id\":\"https:\\\/\\\/stickers.fr\\\/autocollant\\\/index.php\\\/infos-importantes\\\/#breadcrumb\",\"itemListElement\":[{\"@type\":\"ListItem\",\"position\":1,\"name\":\"Accueil\",\"item\":\"https:\\\/\\\/stickers.fr\\\/autocollant\\\/\"},{\"@type\":\"ListItem\",\"position\":2,\"name\":\"Infos importantes\"}]},{\"@type\":\"WebSite\",\"@id\":\"https:\\\/\\\/stickers.fr\\\/autocollant\\\/#website\",\"url\":\"https:\\\/\\\/stickers.fr\\\/autocollant\\\/\",\"name\":\"Stickers et Autocollants personnalis\u00e9s\",\"description\":\"Le sp\u00e9cialiste Autocollants et Stickers personnalis\u00e9s sur internet\",\"publisher\":{\"@id\":\"https:\\\/\\\/stickers.fr\\\/autocollant\\\/#organization\"},\"potentialAction\":[{\"@type\":\"SearchAction\",\"target\":{\"@type\":\"EntryPoint\",\"urlTemplate\":\"https:\\\/\\\/stickers.fr\\\/autocollant\\\/?s={search_term_string}\"},\"query-input\":{\"@type\":\"PropertyValueSpecification\",\"valueRequired\":true,\"valueName\":\"search_term_string\"}}],\"inLanguage\":\"fr-FR\"},{\"@type\":\"Organization\",\"@id\":\"https:\\\/\\\/stickers.fr\\\/autocollant\\\/#organization\",\"name\":\"STICKERS.FR\",\"url\":\"https:\\\/\\\/stickers.fr\\\/autocollant\\\/\",\"logo\":{\"@type\":\"ImageObject\",\"inLanguage\":\"fr-FR\",\"@id\":\"https:\\\/\\\/stickers.fr\\\/autocollant\\\/#\\\/schema\\\/logo\\\/image\\\/\",\"url\":\"https:\\\/\\\/stickers.fr\\\/autocollant\\\/wp-content\\\/uploads\\\/2020\\\/05\\\/logo-2020-3.png\",\"contentUrl\":\"https:\\\/\\\/stickers.fr\\\/autocollant\\\/wp-content\\\/uploads\\\/2020\\\/05\\\/logo-2020-3.png\",\"width\":158,\"height\":149,\"caption\":\"STICKERS.FR\"},\"image\":{\"@id\":\"https:\\\/\\\/stickers.fr\\\/autocollant\\\/#\\\/schema\\\/logo\\\/image\\\/\"},\"sameAs\":[\"https:\\\/\\\/www.facebook.com\\\/Stickersfr-751164974960802\"]}]}<\/script>\n<!-- \/ Yoast SEO plugin. -->","yoast_head_json":{"title":"Stickers.fr - Autocollants et Stickers personnalis\u00e9s","description":"Nous sommes sp\u00e9cialis\u00e9s dans l\u2018impression d\u2019autocollants stickers et travaillons avec nos prescripteurs dans tous les coins de la France voire l\u2019Europe.","robots":{"index":"index","follow":"follow","max-snippet":"max-snippet:-1","max-image-preview":"max-image-preview:large","max-video-preview":"max-video-preview:-1"},"canonical":"https:\/\/stickers.fr\/autocollant\/index.php\/infos-importantes\/","og_locale":"fr_FR","og_type":"article","og_title":"Stickers.fr - Autocollants et Stickers personnalis\u00e9s","og_description":"Nous sommes sp\u00e9cialis\u00e9s dans l\u2018impression d\u2019autocollants stickers et travaillons avec nos prescripteurs dans tous les coins de la France voire l\u2019Europe.","og_url":"https:\/\/stickers.fr\/autocollant\/index.php\/infos-importantes\/","og_site_name":"Autocollants et Stickers personnalis\u00e9s","article_publisher":"https:\/\/www.facebook.com\/Stickersfr-751164974960802","article_modified_time":"2023-09-25T09:09:47+00:00","twitter_card":"summary_large_image","twitter_misc":{"Dur\u00e9e de lecture estim\u00e9e":"4 minutes"},"schema":{"@context":"https:\/\/schema.org","@graph":[{"@type":"WebPage","@id":"https:\/\/stickers.fr\/autocollant\/index.php\/infos-importantes\/","url":"https:\/\/stickers.fr\/autocollant\/index.php\/infos-importantes\/","name":"Stickers.fr - Autocollants et Stickers personnalis\u00e9s","isPartOf":{"@id":"https:\/\/stickers.fr\/autocollant\/#website"},"datePublished":"2020-08-27T14:01:11+00:00","dateModified":"2023-09-25T09:09:47+00:00","description":"Nous sommes sp\u00e9cialis\u00e9s dans l\u2018impression d\u2019autocollants stickers et travaillons avec nos prescripteurs dans tous les coins de la France voire l\u2019Europe.","breadcrumb":{"@id":"https:\/\/stickers.fr\/autocollant\/index.php\/infos-importantes\/#breadcrumb"},"inLanguage":"fr-FR","potentialAction":[{"@type":"ReadAction","target":["https:\/\/stickers.fr\/autocollant\/index.php\/infos-importantes\/"]}]},{"@type":"BreadcrumbList","@id":"https:\/\/stickers.fr\/autocollant\/index.php\/infos-importantes\/#breadcrumb","itemListElement":[{"@type":"ListItem","position":1,"name":"Accueil","item":"https:\/\/stickers.fr\/autocollant\/"},{"@type":"ListItem","position":2,"name":"Infos importantes"}]},{"@type":"WebSite","@id":"https:\/\/stickers.fr\/autocollant\/#website","url":"https:\/\/stickers.fr\/autocollant\/","name":"Stickers et Autocollants personnalis\u00e9s","description":"Le sp\u00e9cialiste Autocollants et Stickers personnalis\u00e9s sur internet","publisher":{"@id":"https:\/\/stickers.fr\/autocollant\/#organization"},"potentialAction":[{"@type":"SearchAction","target":{"@type":"EntryPoint","urlTemplate":"https:\/\/stickers.fr\/autocollant\/?s={search_term_string}"},"query-input":{"@type":"PropertyValueSpecification","valueRequired":true,"valueName":"search_term_string"}}],"inLanguage":"fr-FR"},{"@type":"Organization","@id":"https:\/\/stickers.fr\/autocollant\/#organization","name":"STICKERS.FR","url":"https:\/\/stickers.fr\/autocollant\/","logo":{"@type":"ImageObject","inLanguage":"fr-FR","@id":"https:\/\/stickers.fr\/autocollant\/#\/schema\/logo\/image\/","url":"https:\/\/stickers.fr\/autocollant\/wp-content\/uploads\/2020\/05\/logo-2020-3.png","contentUrl":"https:\/\/stickers.fr\/autocollant\/wp-content\/uploads\/2020\/05\/logo-2020-3.png","width":158,"height":149,"caption":"STICKERS.FR"},"image":{"@id":"https:\/\/stickers.fr\/autocollant\/#\/schema\/logo\/image\/"},"sameAs":["https:\/\/www.facebook.com\/Stickersfr-751164974960802"]}]}},"jetpack_sharing_enabled":true,"_links":{"self":[{"href":"https:\/\/stickers.fr\/autocollant\/index.php\/wp-json\/wp\/v2\/pages\/623","targetHints":{"allow":["GET"]}}],"collection":[{"href":"https:\/\/stickers.fr\/autocollant\/index.php\/wp-json\/wp\/v2\/pages"}],"about":[{"href":"https:\/\/stickers.fr\/autocollant\/index.php\/wp-json\/wp\/v2\/types\/page"}],"author":[{"embeddable":true,"href":"https:\/\/stickers.fr\/autocollant\/index.php\/wp-json\/wp\/v2\/users\/1"}],"replies":[{"embeddable":true,"href":"https:\/\/stickers.fr\/autocollant\/index.php\/wp-json\/wp\/v2\/comments?post=623"}],"version-history":[{"count":12,"href":"https:\/\/stickers.fr\/autocollant\/index.php\/wp-json\/wp\/v2\/pages\/623\/revisions"}],"predecessor-version":[{"id":1652,"href":"https:\/\/stickers.fr\/autocollant\/index.php\/wp-json\/wp\/v2\/pages\/623\/revisions\/1652"}],"wp:attachment":[{"href":"https:\/\/stickers.fr\/autocollant\/index.php\/wp-json\/wp\/v2\/media?parent=623"}],"curies":[{"name":"wp","href":"https:\/\/api.w.org\/{rel}","templated":true}]}}