{"id":761,"date":"2020-08-31T16:55:31","date_gmt":"2020-08-31T14:55:31","guid":{"rendered":"https:\/\/stickers.fr\/autocollant\/?page_id=761"},"modified":"2020-08-31T17:00:43","modified_gmt":"2020-08-31T15:00:43","slug":"temoignages-clients","status":"publish","type":"page","link":"https:\/\/stickers.fr\/autocollant\/index.php\/temoignages-clients\/","title":{"rendered":"T\u00e9moignages clients"},"content":{"rendered":"\t\t<div data-elementor-type=\"wp-page\" data-elementor-id=\"761\" class=\"elementor elementor-761\">\n\t\t\t\t\t\t<section class=\"elementor-section elementor-top-section elementor-element elementor-element-6f21354 elementor-section-boxed elementor-section-height-default elementor-section-height-default\" data-id=\"6f21354\" data-element_type=\"section\" data-e-type=\"section\">\n\t\t\t\t\t\t<div class=\"elementor-container elementor-column-gap-default\">\n\t\t\t\t\t<div class=\"elementor-column elementor-col-100 elementor-top-column elementor-element elementor-element-de18c1b\" data-id=\"de18c1b\" data-element_type=\"column\" data-e-type=\"column\">\n\t\t\t<div class=\"elementor-widget-wrap elementor-element-populated\">\n\t\t\t\t\t\t<div class=\"elementor-element elementor-element-cf0d7ce elementor-widget elementor-widget-heading\" data-id=\"cf0d7ce\" data-element_type=\"widget\" data-e-type=\"widget\" data-widget_type=\"heading.default\">\n\t\t\t\t<div class=\"elementor-widget-container\">\n\t\t\t\t\t<h2 class=\"elementor-heading-title elementor-size-default\">T\u00e9moignages clients<\/h2>\t\t\t\t<\/div>\n\t\t\t\t<\/div>\n\t\t\t\t<div class=\"elementor-element elementor-element-1c41cd6 elementor-widget elementor-widget-spacer\" data-id=\"1c41cd6\" data-element_type=\"widget\" data-e-type=\"widget\" data-widget_type=\"spacer.default\">\n\t\t\t\t<div class=\"elementor-widget-container\">\n\t\t\t\t\t\t\t<div class=\"elementor-spacer\">\n\t\t\t<div class=\"elementor-spacer-inner\"><\/div>\n\t\t<\/div>\n\t\t\t\t\t\t<\/div>\n\t\t\t\t<\/div>\n\t\t\t\t<div class=\"elementor-element elementor-element-65dac1a elementor-widget elementor-widget-text-editor\" data-id=\"65dac1a\" data-element_type=\"widget\" data-e-type=\"widget\" data-widget_type=\"text-editor.default\">\n\t\t\t\t<div class=\"elementor-widget-container\">\n\t\t\t\t\t\t\t\t\t<p class=\"Style1\">Bonsoir,<br \/>Et merci pour votre envoi rapide.<br \/>Nous sommes particuli\u00e8rement satisfait de votre prestation et esp\u00e9rons pouvoir retravailler avec vous tr\u00e8s prochainement.<br \/>Cordialement.<br \/><strong><em>Jean-Luc G, Les Mureaux<\/em><\/strong><\/p><p class=\"Style1\">Bonjour,<br \/>Nous avons bien re\u00e7u la commande<br \/>Tout est nickel<br \/>Encore merci<br \/>Cordialement<br \/><strong><em>Christophe B, Azay-le-Rideau<\/em><\/strong><\/p><p class=\"Style1\">Pas de question. je suis en admiration devant votre efficacit\u00e9. j&rsquo;esp\u00e8re faire aussi bien dans la boutique que je vais ouvrir. C&rsquo;est une bonne le\u00e7on.<br \/>je garde votre adresse pour l&rsquo;avenir<br \/><strong><em>MJeanne B, Saint Georges d&rsquo;Orques<\/em><\/strong><\/p><p class=\"Style1\">R\u00e9sultat parfait, merci.<br \/><strong><em>J\u00e9r\u00f4me L, Vaucresson<\/em><\/strong><\/p><p class=\"Style1\">Avec mes remerciements et un grand bravo pour votre r\u00e9activit\u00e9 et votre sens du commerce<br \/><strong><em>Corinne S, Bourg la reine<\/em><\/strong><\/p><p class=\"Style1\">Je tiens a vous feliciter pour la qualit\u00e9 de votre travail!<br \/>cordialement<br \/><strong><em>Christophe L, Maroilles<\/em><\/strong><\/p><p class=\"Style1\">Les stickers sont arriv\u00e9s aujourd&rsquo;hui. Ils sont absolument conformes \u00e0 ce que l&rsquo;on esp\u00e9rait. Merci beaucoup.<br \/><strong><em>Cendrine R, Bondoufle<\/em><\/strong><\/p><p class=\"Style1\">Bonjour, J&rsquo;ai re\u00e7u mes b\u00e2ches ce matin, je suis absolument enchant\u00e9 du r\u00e9sultat. La finition est parfaite, les couleurs \u00e9clatantes, jamais je n&rsquo;aurais pens\u00e9 avoir un tel r\u00e9sultat. Mille mercis.<br \/><strong><em>Daniel A, Paris<\/em><\/strong><\/p><p class=\"Style1\">J&rsquo;ai \u00e9t\u00e9 assez surpris de recevoir mes autocollants hier matin d\u00e9j\u00e0, bravo pour votre efficacit\u00e9, et bravo pour la finition, les couleurs sont vraiment incroyables.<br \/><strong><em>Henri J, Colombes<\/em><\/strong><\/p><p class=\"Style1\">bonjours je viens de revevoir ma commande de stickers( le chat cartoon avec sa couronne) et je tenais a vous remercier deja de votre tres beau travail, c&rsquo;est exactement ce que j&rsquo;attendais et aussi de m&rsquo;avoir envoyer graciseusement un segond stickers plus petit que j&rsquo;ai pu coller sur une autre partie je ne manquerais pas , qd l&rsquo;occasion se presentera de dire tout le bien et de communiquer votre site aux personnes interressees encore merci et j&rsquo;espere a une autre fois cordialement<br \/><strong><em>renato, Evian<\/em><\/strong><\/p><p class=\"Style1\">J&rsquo;ai bien recue la commande.J&rsquo;en suis tres satisfaite.<br \/>Merci pour votre reactivite et votre efficacite. En esperant retravailler avec vous tres prochainement.<br \/>cordialement<br \/><em><strong>C. Martin, Bordeaux<\/strong><\/em><\/p><p class=\"Style1\">Bonjour,<br \/>Commande bien re\u00e7ue, avec facture.<br \/>Les autocollants correspondent parfaitement \u00e0 ce qu&rsquo;on souhaitait.<br \/>Merci pour votre travail rapide et soign\u00e9 !<br \/>A une prochaine commande.<br \/><strong><em>St\u00e9phane V,Lille<\/em><\/strong><\/p><p class=\"Style1\">Bonjour,<br \/>nous avons bien re\u00e7u les \u00e9tiquettes ce matin.<br \/>Je vous remercie pour votre aide et pour votre rapidit\u00e9.<br \/>Cordialement,<br \/><strong><em>L. Durand, Caen<\/em><\/strong><\/p><p class=\"Style1\">Bonjour,<br \/>Je viens de recevoir la commande, tout est parfait !<br \/>Merci encore !<br \/>Cordialement<br \/><strong><em>Angela F., Neuilly sur Seine<\/em><\/strong><\/p><p class=\"Style1\">bonjour<br \/>J&rsquo;ai bien re\u00e7u les nouveaux stickers,ils sont tr\u00e8s bien.<br \/>je vous remercie de l&rsquo;attention que vous avez port\u00e9 a ma commande<br \/>a bientot<br \/><strong><em>David B, Hayanges<\/em><\/strong><\/p><p class=\"Style1\">La commande est bien arriv\u00e9e il y a une semaine maintenant et nous sommes tr\u00e8s satisfait du produit.<br \/>Bonne continuation<br \/><strong><em>Mathieu V, Compi\u00e8gne<\/em><\/strong><\/p><p class=\"Style1\">Bonjour,<br \/>J&rsquo;ai bien re\u00e7u ma commande ce matin au courrier.<br \/>Elle correspond exactement \u00e0 mes attentes.<br \/>Merci.<br \/><strong><em>Guy G, Jouy Le Moutier<\/em><\/strong><\/p><p class=\"Style1\">Bonjour,<br \/>Le colis est bien arriv\u00e9, vous avez meme augment\u00e9 les couleurs!! je vous remercie infiniment, pour le travail de qualit\u00e9 que vous venez d&rsquo;accomplir, je vous recommande \u00e0 tous mes amis,<br \/>Cordialement<br \/><strong><em>Edouard L, Paris<\/em><\/strong><\/p><p>bonjour!<br \/>stickers re\u00e7us aujourd&rsquo;hui ,je suis tr\u00e8s content de ma commande exactement ce que j&rsquo;attendais ,produit de tr\u00e8s grandes qualit\u00e9<br \/>a bient\u00f4t et merci !<br \/><strong><em>Remy N, St Etienne<\/em><\/strong><\/p><p>Bonjour,<br \/>je fais suite \u00e0 ma derni\u00e8re commande et je me dois de vous pr\u00e9senter mes f\u00e9licitations pour la qualit\u00e9 du rendu ainsi que pour votre gentillesse commerciale.<br \/>Au plaisir,<br \/><strong><em>Philippe G, Bordeaux<\/em><\/strong><\/p><p>Bonjour c&rsquo;est Mr D&#8230;,<br \/>j&rsquo;ai bien re\u00e7u mes stickers ,je tenais \u00e0 vous f\u00e9licitez pour la qualit\u00e9 ,la gentillesse et la rapidit\u00e9 de toute l&rsquo;\u00e9quipe .<br \/>Je pense s\u00e9rieusement que nous retravaillerons ensemble .<br \/>Cordialement et encore bravo pour vos comp\u00e9tences<br \/><strong><em>Julien D, Condrieux<\/em><\/strong><\/p><p>Bonjour,<br \/>Je tiens \u00e0 vous f\u00e9liciter pour le travail r\u00e9aliser concernant mes stickers sur fonds transparent<\/p><p>TRAVAIL PARFAIT comme j\u2019aime !!!<br \/>A tr\u00e8s bient\u00f4t !<br \/><strong><em>Walid B, Amiens<\/em><\/strong><\/p><p>A l&rsquo;attention d&rsquo;Alessandra<\/p><p>Bonjour<\/p><p>Nous avons bien re\u00e7u la commande N\u00b0 XXXX<\/p><p>Nous sommes enchant\u00e9s du travail r\u00e9alis\u00e9 dans vos ateliers et nous pensons vous envoyer d&rsquo;autres commandes.<\/p><p>Cordialement<\/p><p><strong><em>Jean-Paul V, Vichy\u00a0<\/em><\/strong><\/p><p>Bonjour,<\/p><p>Les b\u00e2ches sont arriv\u00e9es aujourd&rsquo;hui.<\/p><p>Elles sont superbes.<\/p><p>Vraiment, merci &#8230;<\/p><p>D\u00e9lais de livraison ultra courts.<\/p><p>Qualit\u00e9 impeccable.<\/p><p>On en a pour son argent.<\/p><p>D\u00e8s que le besoin sera l\u00e0, je refais appel \u00e0 vous.<\/p><p>A bient\u00f4t<\/p><p><strong><em>Olivier L, La Celle St Cloud\u00a0<\/em><\/strong><\/p><p>Voil\u00e0 j&rsquo;ai pass\u00e9 commande.<\/p><p>Je tenais tout de m\u00eame \u00e0 vous f\u00e9liciter pour votre s\u00e9rieux, rapidit\u00e9, et surtout l&rsquo;excellente ergonomie et syst\u00e8me de fonctionnnement de votre site internet et de votre mode de commande.<\/p><p>Excellente journ\u00e9e.<\/p><p>A tr\u00e8s bient\u00f4t.<\/p><p><strong><em>Christophe L, Bastia<\/em><\/strong><\/p><p>Bonjour,<\/p><p>Je viens de recevoir \u00e0 l&rsquo;instant les 2 derniers stickers que je vous ai command\u00e9s, et ils sont absolument parfaits.<\/p><p>Je tenais \u00e0 prendre quelques instants pour vous remercier de votre disponibilit\u00e9 d&rsquo;une part, de la qualit\u00e9 de votre travail d&rsquo;autre part, et de vos d\u00e9lais surprenants, je ne les attendais pas si t\u00f4t.<\/p><p>Il est probable que j&rsquo;ai de nouvelles commandes \u00e0 vous passer prochainement, votre souplesse alimente g\u00e9n\u00e9reusement mon imagination.<\/p><p>Bien cordialement<\/p><p><strong><em>Thierry T, Feurs<\/em><\/strong><\/p><p>Bonjour Alessandra,<\/p><p>Petit mail pour vous remercier de votre rapidit\u00e9 !<\/p><p>Les 5000ex ont \u00e9t\u00e9 coup\u00e9s ce week-end, livr\u00e9s ce matin et les 20&#215;60 et 30&#215;90 pos\u00e9s aujourd&rsquo;hui.<\/p><p>Merci et \u00e0 bient\u00f4t.<\/p><p>Cordialement,<\/p><p><strong><em>R\u00e9my G, Paris<\/em><\/strong><\/p><p>bonjour,<\/p><p>juste pour vous dire que je suis ravi de la premi\u00e8re fois que je travaille avec vous, \u00e0 savoir :<\/p><p>&#8211; l&rsquo;\u00e9coute<\/p><p>&#8211; la qualit\u00e9 du travail<\/p><p>&#8211; la rapidit\u00e9 d&rsquo;ex\u00e9cution et de livraison<\/p><p>&#8211; votre partenariat Act Up ne gachant rien \u00e0 tout \u00e7a &#8230;<\/p><p>Merci \u00e0 vous donc,<\/p><p><strong><em>Erwan, du bout du monde<\/em><\/strong><\/p><p><span style=\"color: #ff0000;\">( Nous certifions sur l&rsquo;honneur que tous les commentaires publi\u00e9s ci-dessus sont bien des copies de mails re\u00e7us de la part de nos clients )<\/span><\/p><p><strong>L&rsquo;\u00e9quipe STICKERS.FR<\/strong><\/p>\t\t\t\t\t\t\t\t<\/div>\n\t\t\t\t<\/div>\n\t\t\t\t\t<\/div>\n\t\t<\/div>\n\t\t\t\t\t<\/div>\n\t\t<\/section>\n\t\t\t\t<\/div>\n\t\t","protected":false},"excerpt":{"rendered":"<p>T\u00e9moignages clients Bonsoir,Et merci pour votre envoi rapide.Nous sommes particuli\u00e8rement satisfait de votre prestation et esp\u00e9rons pouvoir retravailler avec vous&nbsp;[&hellip;]<\/p>\n","protected":false},"author":1,"featured_media":0,"parent":0,"menu_order":0,"comment_status":"closed","ping_status":"closed","template":"elementor_header_footer","meta":{"footnotes":""},"class_list":["post-761","page","type-page","status-publish","hentry","post-item clearfix"],"yoast_head":"<!-- This site is optimized with the Yoast SEO plugin v27.5 - https:\/\/yoast.com\/product\/yoast-seo-wordpress\/ -->\n<title>Stickers.fr - Autocollants et Stickers personnalis\u00e9s<\/title>\n<meta name=\"description\" content=\"Nous sommes sp\u00e9cialis\u00e9s dans l\u2018impression d\u2019autocollants stickers et travaillons avec nos prescripteurs dans tous les coins de la France voire l\u2019Europe.\" \/>\n<meta name=\"robots\" content=\"index, follow, max-snippet:-1, max-image-preview:large, max-video-preview:-1\" \/>\n<link rel=\"canonical\" href=\"https:\/\/stickers.fr\/autocollant\/index.php\/temoignages-clients\/\" \/>\n<meta property=\"og:locale\" content=\"fr_FR\" \/>\n<meta property=\"og:type\" content=\"article\" \/>\n<meta property=\"og:title\" content=\"Stickers.fr - Autocollants et Stickers personnalis\u00e9s\" \/>\n<meta property=\"og:description\" content=\"Nous sommes sp\u00e9cialis\u00e9s dans l\u2018impression d\u2019autocollants stickers et travaillons avec nos prescripteurs dans tous les coins de la France voire l\u2019Europe.\" \/>\n<meta property=\"og:url\" content=\"https:\/\/stickers.fr\/autocollant\/index.php\/temoignages-clients\/\" \/>\n<meta property=\"og:site_name\" content=\"Autocollants et Stickers personnalis\u00e9s\" \/>\n<meta property=\"article:publisher\" content=\"https:\/\/www.facebook.com\/Stickersfr-751164974960802\" \/>\n<meta property=\"article:modified_time\" content=\"2020-08-31T15:00:43+00:00\" \/>\n<meta name=\"twitter:card\" content=\"summary_large_image\" \/>\n<meta name=\"twitter:label1\" content=\"Dur\u00e9e de lecture estim\u00e9e\" \/>\n\t<meta name=\"twitter:data1\" content=\"5 minutes\" \/>\n<script type=\"application\/ld+json\" class=\"yoast-schema-graph\">{\"@context\":\"https:\\\/\\\/schema.org\",\"@graph\":[{\"@type\":\"WebPage\",\"@id\":\"https:\\\/\\\/stickers.fr\\\/autocollant\\\/index.php\\\/temoignages-clients\\\/\",\"url\":\"https:\\\/\\\/stickers.fr\\\/autocollant\\\/index.php\\\/temoignages-clients\\\/\",\"name\":\"Stickers.fr - Autocollants et Stickers personnalis\u00e9s\",\"isPartOf\":{\"@id\":\"https:\\\/\\\/stickers.fr\\\/autocollant\\\/#website\"},\"datePublished\":\"2020-08-31T14:55:31+00:00\",\"dateModified\":\"2020-08-31T15:00:43+00:00\",\"description\":\"Nous sommes sp\u00e9cialis\u00e9s dans l\u2018impression d\u2019autocollants stickers et travaillons avec nos prescripteurs dans tous les coins de la France voire l\u2019Europe.\",\"breadcrumb\":{\"@id\":\"https:\\\/\\\/stickers.fr\\\/autocollant\\\/index.php\\\/temoignages-clients\\\/#breadcrumb\"},\"inLanguage\":\"fr-FR\",\"potentialAction\":[{\"@type\":\"ReadAction\",\"target\":[\"https:\\\/\\\/stickers.fr\\\/autocollant\\\/index.php\\\/temoignages-clients\\\/\"]}]},{\"@type\":\"BreadcrumbList\",\"@id\":\"https:\\\/\\\/stickers.fr\\\/autocollant\\\/index.php\\\/temoignages-clients\\\/#breadcrumb\",\"itemListElement\":[{\"@type\":\"ListItem\",\"position\":1,\"name\":\"Accueil\",\"item\":\"https:\\\/\\\/stickers.fr\\\/autocollant\\\/\"},{\"@type\":\"ListItem\",\"position\":2,\"name\":\"T\u00e9moignages clients\"}]},{\"@type\":\"WebSite\",\"@id\":\"https:\\\/\\\/stickers.fr\\\/autocollant\\\/#website\",\"url\":\"https:\\\/\\\/stickers.fr\\\/autocollant\\\/\",\"name\":\"Stickers et Autocollants personnalis\u00e9s\",\"description\":\"Le sp\u00e9cialiste Autocollants et Stickers personnalis\u00e9s sur internet\",\"publisher\":{\"@id\":\"https:\\\/\\\/stickers.fr\\\/autocollant\\\/#organization\"},\"potentialAction\":[{\"@type\":\"SearchAction\",\"target\":{\"@type\":\"EntryPoint\",\"urlTemplate\":\"https:\\\/\\\/stickers.fr\\\/autocollant\\\/?s={search_term_string}\"},\"query-input\":{\"@type\":\"PropertyValueSpecification\",\"valueRequired\":true,\"valueName\":\"search_term_string\"}}],\"inLanguage\":\"fr-FR\"},{\"@type\":\"Organization\",\"@id\":\"https:\\\/\\\/stickers.fr\\\/autocollant\\\/#organization\",\"name\":\"STICKERS.FR\",\"url\":\"https:\\\/\\\/stickers.fr\\\/autocollant\\\/\",\"logo\":{\"@type\":\"ImageObject\",\"inLanguage\":\"fr-FR\",\"@id\":\"https:\\\/\\\/stickers.fr\\\/autocollant\\\/#\\\/schema\\\/logo\\\/image\\\/\",\"url\":\"https:\\\/\\\/stickers.fr\\\/autocollant\\\/wp-content\\\/uploads\\\/2020\\\/05\\\/logo-2020-3.png\",\"contentUrl\":\"https:\\\/\\\/stickers.fr\\\/autocollant\\\/wp-content\\\/uploads\\\/2020\\\/05\\\/logo-2020-3.png\",\"width\":158,\"height\":149,\"caption\":\"STICKERS.FR\"},\"image\":{\"@id\":\"https:\\\/\\\/stickers.fr\\\/autocollant\\\/#\\\/schema\\\/logo\\\/image\\\/\"},\"sameAs\":[\"https:\\\/\\\/www.facebook.com\\\/Stickersfr-751164974960802\"]}]}<\/script>\n<!-- \/ Yoast SEO plugin. -->","yoast_head_json":{"title":"Stickers.fr - Autocollants et Stickers personnalis\u00e9s","description":"Nous sommes sp\u00e9cialis\u00e9s dans l\u2018impression d\u2019autocollants stickers et travaillons avec nos prescripteurs dans tous les coins de la France voire l\u2019Europe.","robots":{"index":"index","follow":"follow","max-snippet":"max-snippet:-1","max-image-preview":"max-image-preview:large","max-video-preview":"max-video-preview:-1"},"canonical":"https:\/\/stickers.fr\/autocollant\/index.php\/temoignages-clients\/","og_locale":"fr_FR","og_type":"article","og_title":"Stickers.fr - Autocollants et Stickers personnalis\u00e9s","og_description":"Nous sommes sp\u00e9cialis\u00e9s dans l\u2018impression d\u2019autocollants stickers et travaillons avec nos prescripteurs dans tous les coins de la France voire l\u2019Europe.","og_url":"https:\/\/stickers.fr\/autocollant\/index.php\/temoignages-clients\/","og_site_name":"Autocollants et Stickers personnalis\u00e9s","article_publisher":"https:\/\/www.facebook.com\/Stickersfr-751164974960802","article_modified_time":"2020-08-31T15:00:43+00:00","twitter_card":"summary_large_image","twitter_misc":{"Dur\u00e9e de lecture estim\u00e9e":"5 minutes"},"schema":{"@context":"https:\/\/schema.org","@graph":[{"@type":"WebPage","@id":"https:\/\/stickers.fr\/autocollant\/index.php\/temoignages-clients\/","url":"https:\/\/stickers.fr\/autocollant\/index.php\/temoignages-clients\/","name":"Stickers.fr - Autocollants et Stickers personnalis\u00e9s","isPartOf":{"@id":"https:\/\/stickers.fr\/autocollant\/#website"},"datePublished":"2020-08-31T14:55:31+00:00","dateModified":"2020-08-31T15:00:43+00:00","description":"Nous sommes sp\u00e9cialis\u00e9s dans l\u2018impression d\u2019autocollants stickers et travaillons avec nos prescripteurs dans tous les coins de la France voire l\u2019Europe.","breadcrumb":{"@id":"https:\/\/stickers.fr\/autocollant\/index.php\/temoignages-clients\/#breadcrumb"},"inLanguage":"fr-FR","potentialAction":[{"@type":"ReadAction","target":["https:\/\/stickers.fr\/autocollant\/index.php\/temoignages-clients\/"]}]},{"@type":"BreadcrumbList","@id":"https:\/\/stickers.fr\/autocollant\/index.php\/temoignages-clients\/#breadcrumb","itemListElement":[{"@type":"ListItem","position":1,"name":"Accueil","item":"https:\/\/stickers.fr\/autocollant\/"},{"@type":"ListItem","position":2,"name":"T\u00e9moignages clients"}]},{"@type":"WebSite","@id":"https:\/\/stickers.fr\/autocollant\/#website","url":"https:\/\/stickers.fr\/autocollant\/","name":"Stickers et Autocollants personnalis\u00e9s","description":"Le sp\u00e9cialiste Autocollants et Stickers personnalis\u00e9s sur internet","publisher":{"@id":"https:\/\/stickers.fr\/autocollant\/#organization"},"potentialAction":[{"@type":"SearchAction","target":{"@type":"EntryPoint","urlTemplate":"https:\/\/stickers.fr\/autocollant\/?s={search_term_string}"},"query-input":{"@type":"PropertyValueSpecification","valueRequired":true,"valueName":"search_term_string"}}],"inLanguage":"fr-FR"},{"@type":"Organization","@id":"https:\/\/stickers.fr\/autocollant\/#organization","name":"STICKERS.FR","url":"https:\/\/stickers.fr\/autocollant\/","logo":{"@type":"ImageObject","inLanguage":"fr-FR","@id":"https:\/\/stickers.fr\/autocollant\/#\/schema\/logo\/image\/","url":"https:\/\/stickers.fr\/autocollant\/wp-content\/uploads\/2020\/05\/logo-2020-3.png","contentUrl":"https:\/\/stickers.fr\/autocollant\/wp-content\/uploads\/2020\/05\/logo-2020-3.png","width":158,"height":149,"caption":"STICKERS.FR"},"image":{"@id":"https:\/\/stickers.fr\/autocollant\/#\/schema\/logo\/image\/"},"sameAs":["https:\/\/www.facebook.com\/Stickersfr-751164974960802"]}]}},"jetpack_sharing_enabled":true,"_links":{"self":[{"href":"https:\/\/stickers.fr\/autocollant\/index.php\/wp-json\/wp\/v2\/pages\/761","targetHints":{"allow":["GET"]}}],"collection":[{"href":"https:\/\/stickers.fr\/autocollant\/index.php\/wp-json\/wp\/v2\/pages"}],"about":[{"href":"https:\/\/stickers.fr\/autocollant\/index.php\/wp-json\/wp\/v2\/types\/page"}],"author":[{"embeddable":true,"href":"https:\/\/stickers.fr\/autocollant\/index.php\/wp-json\/wp\/v2\/users\/1"}],"replies":[{"embeddable":true,"href":"https:\/\/stickers.fr\/autocollant\/index.php\/wp-json\/wp\/v2\/comments?post=761"}],"version-history":[{"count":0,"href":"https:\/\/stickers.fr\/autocollant\/index.php\/wp-json\/wp\/v2\/pages\/761\/revisions"}],"wp:attachment":[{"href":"https:\/\/stickers.fr\/autocollant\/index.php\/wp-json\/wp\/v2\/media?parent=761"}],"curies":[{"name":"wp","href":"https:\/\/api.w.org\/{rel}","templated":true}]}}